{"id":5772,"date":"2022-05-21T12:41:26","date_gmt":"2022-05-21T12:41:26","guid":{"rendered":"https:\/\/www.lugarseguro.pt\/web\/?page_id=5772"},"modified":"2023-11-19T05:37:28","modified_gmt":"2023-11-19T05:37:28","slug":"porque-escolher-a-clinica-lugar-seguro","status":"publish","type":"page","link":"https:\/\/www.lugarseguro.pt\/web\/porque-escolher-a-clinica-lugar-seguro\/","title":{"rendered":"Porqu\u00ea escolher a cl\u00ednica Lugar Seguro?\u200b"},"content":{"rendered":"<p style=\"color: #2e726d; font-size: 28pt; font-family: open sans; line-height: 1.5;\"><strong>Porque voc\u00ea merece o melhor!<\/strong><br \/>\nOs melhores terapeutas, a melhor ajuda, a melhor cl\u00ednica!<\/p>\n<h2>O que fazemos diferente e melhor, por si e para si?<\/h2>\n<p style=\"color: black; font-size: 14pt; font-family: open sans; line-height: 1.5;\">Se procura ajuda para compreender o que se passa consigo, e para ultrapassar essa fase mais dif\u00edcil da sua vida ou pretende possuir, ter, aprender ou refor\u00e7ar capacidades, recursos e\/ou simplesmente evoluir\u2026 a Lugar Seguro \u00e9 o Lugar Certo pois dedicamos a nossa vida para cuidar de si.<\/p>\n<p style=\"color: black; font-size: 14pt; font-family: open sans; line-height: 1.5;\">\u00a0<\/p>\n<p>\t\t\t\t\t\t\t\t\t\t\t\t\t\t\t<img decoding=\"async\" width=\"800\" height=\"534\" src=\"https:\/\/www.lugarseguro.pt\/web\/wp-content\/uploads\/2022\/05\/young-beautiful-woman-with-long-blond-hair-white-dress-wheat-field-early-morning-sunrise-summer-is-time-dreamers-flying-hair-woman-running-across-field-rays1-1024x683.jpg\" alt=\"\" loading=\"lazy\" srcset=\"https:\/\/www.lugarseguro.pt\/web\/wp-content\/uploads\/2022\/05\/young-beautiful-woman-with-long-blond-hair-white-dress-wheat-field-early-morning-sunrise-summer-is-time-dreamers-flying-hair-woman-running-across-field-rays1-1024x683.jpg 1024w, https:\/\/www.lugarseguro.pt\/web\/wp-content\/uploads\/2022\/05\/young-beautiful-woman-with-long-blond-hair-white-dress-wheat-field-early-morning-sunrise-summer-is-time-dreamers-flying-hair-woman-running-across-field-rays1-scaled-600x400.jpg 600w, https:\/\/www.lugarseguro.pt\/web\/wp-content\/uploads\/2022\/05\/young-beautiful-woman-with-long-blond-hair-white-dress-wheat-field-early-morning-sunrise-summer-is-time-dreamers-flying-hair-woman-running-across-field-rays1-300x200.jpg 300w, https:\/\/www.lugarseguro.pt\/web\/wp-content\/uploads\/2022\/05\/young-beautiful-woman-with-long-blond-hair-white-dress-wheat-field-early-morning-sunrise-summer-is-time-dreamers-flying-hair-woman-running-across-field-rays1-768x512.jpg 768w, https:\/\/www.lugarseguro.pt\/web\/wp-content\/uploads\/2022\/05\/young-beautiful-woman-with-long-blond-hair-white-dress-wheat-field-early-morning-sunrise-summer-is-time-dreamers-flying-hair-woman-running-across-field-rays1-1536x1024.jpg 1536w, https:\/\/www.lugarseguro.pt\/web\/wp-content\/uploads\/2022\/05\/young-beautiful-woman-with-long-blond-hair-white-dress-wheat-field-early-morning-sunrise-summer-is-time-dreamers-flying-hair-woman-running-across-field-rays1-2048x1365.jpg 2048w\" sizes=\"auto, (max-width: 800px) 100vw, 800px\" \/><br \/>\n\t\t\t\t\t\t\t\t\t\t\t\t\t\t\t<img decoding=\"async\" width=\"800\" height=\"534\" src=\"https:\/\/www.lugarseguro.pt\/web\/wp-content\/uploads\/2022\/05\/woman-getting-head-massage-at-spa-1024x684.jpg\" alt=\"\" loading=\"lazy\" srcset=\"https:\/\/www.lugarseguro.pt\/web\/wp-content\/uploads\/2022\/05\/woman-getting-head-massage-at-spa-1024x684.jpg 1024w, https:\/\/www.lugarseguro.pt\/web\/wp-content\/uploads\/2022\/05\/woman-getting-head-massage-at-spa-300x200.jpg 300w, https:\/\/www.lugarseguro.pt\/web\/wp-content\/uploads\/2022\/05\/woman-getting-head-massage-at-spa-768x513.jpg 768w, https:\/\/www.lugarseguro.pt\/web\/wp-content\/uploads\/2022\/05\/woman-getting-head-massage-at-spa-1536x1025.jpg 1536w, https:\/\/www.lugarseguro.pt\/web\/wp-content\/uploads\/2022\/05\/woman-getting-head-massage-at-spa-2048x1367.jpg 2048w, https:\/\/www.lugarseguro.pt\/web\/wp-content\/uploads\/2022\/05\/woman-getting-head-massage-at-spa-600x401.jpg 600w\" sizes=\"auto, (max-width: 800px) 100vw, 800px\" \/>\t\t\t\t\t\t\t\t\t\t\t\t\t\t\t<\/p>\n<p><strong>\u00danica clinica em Portugal a fazer avalia\u00e7\u00e3o ao c\u00e9rebro a todos os pacientes para ajudar a ultrapassar qualquer perturba\u00e7\u00e3o mais rapidamente.<\/strong><\/p>\n<p>\t\t\t\t\t\t\t\t\t\t\t\t\t\t\t<img decoding=\"async\" width=\"800\" height=\"534\" src=\"https:\/\/www.lugarseguro.pt\/web\/wp-content\/uploads\/2022\/05\/agreement-team-friend-collar-white-1024x683.jpg\" alt=\"\" loading=\"lazy\" srcset=\"https:\/\/www.lugarseguro.pt\/web\/wp-content\/uploads\/2022\/05\/agreement-team-friend-collar-white-1024x683.jpg 1024w, https:\/\/www.lugarseguro.pt\/web\/wp-content\/uploads\/2022\/05\/agreement-team-friend-collar-white-300x200.jpg 300w, https:\/\/www.lugarseguro.pt\/web\/wp-content\/uploads\/2022\/05\/agreement-team-friend-collar-white-768x512.jpg 768w, https:\/\/www.lugarseguro.pt\/web\/wp-content\/uploads\/2022\/05\/agreement-team-friend-collar-white-1536x1024.jpg 1536w, https:\/\/www.lugarseguro.pt\/web\/wp-content\/uploads\/2022\/05\/agreement-team-friend-collar-white-2048x1365.jpg 2048w, https:\/\/www.lugarseguro.pt\/web\/wp-content\/uploads\/2022\/05\/agreement-team-friend-collar-white-600x400.jpg 600w\" sizes=\"auto, (max-width: 800px) 100vw, 800px\" \/>\t\t\t\t\t\t\t\t\t\t\t\t\t\t\t<\/p>\n<p style=\"color: black; font-size: 16pt; font-family: open sans; line-height: 1.2;\">1\u00aa Entidade acreditada em Portugal para dar forma\u00e7\u00e3o sobre como cuidar do c\u00e9rebro e potenciar a sua capacidade.<\/p>\n<p>\t\t\t\t\t\t\t\t\t\t\t\t\t\t\t<img decoding=\"async\" width=\"800\" height=\"534\" src=\"https:\/\/www.lugarseguro.pt\/web\/wp-content\/uploads\/2022\/05\/adult-woman-at-therapy-session-1024x683.jpg\" alt=\"\" loading=\"lazy\" srcset=\"https:\/\/www.lugarseguro.pt\/web\/wp-content\/uploads\/2022\/05\/adult-woman-at-therapy-session-1024x683.jpg 1024w, https:\/\/www.lugarseguro.pt\/web\/wp-content\/uploads\/2022\/05\/adult-woman-at-therapy-session-scaled-600x400.jpg 600w, https:\/\/www.lugarseguro.pt\/web\/wp-content\/uploads\/2022\/05\/adult-woman-at-therapy-session-300x200.jpg 300w, https:\/\/www.lugarseguro.pt\/web\/wp-content\/uploads\/2022\/05\/adult-woman-at-therapy-session-768x512.jpg 768w, https:\/\/www.lugarseguro.pt\/web\/wp-content\/uploads\/2022\/05\/adult-woman-at-therapy-session-1536x1024.jpg 1536w, https:\/\/www.lugarseguro.pt\/web\/wp-content\/uploads\/2022\/05\/adult-woman-at-therapy-session-2048x1365.jpg 2048w\" sizes=\"auto, (max-width: 800px) 100vw, 800px\" \/>\t\t\t\t\t\t\t\t\t\t\t\t\t\t\t<\/p>\n<h2 style=\"font-family: 'Open Sans', sans-serif; font-weight: 500; line-height: 24px; color: #ffffff; font-size: 20px; letter-spacing: normal;\"><strong>\u00danicos em Portugal reconhecidos no Congresso como &#8220;L\u00edderes mundiais de hipnose em 2022&#8221;<\/strong><\/h2>\n<p>\t\t\t\t\t\t\t\t\t\t\t\t\t\t\t<img decoding=\"async\" width=\"800\" height=\"534\" src=\"https:\/\/www.lugarseguro.pt\/web\/wp-content\/uploads\/2022\/05\/female-african-american-speaker-giving-presentation-in-hall-at-university-workshop-1024x683.jpg\" alt=\"\" loading=\"lazy\" srcset=\"https:\/\/www.lugarseguro.pt\/web\/wp-content\/uploads\/2022\/05\/female-african-american-speaker-giving-presentation-in-hall-at-university-workshop-1024x683.jpg 1024w, https:\/\/www.lugarseguro.pt\/web\/wp-content\/uploads\/2022\/05\/female-african-american-speaker-giving-presentation-in-hall-at-university-workshop-300x200.jpg 300w, https:\/\/www.lugarseguro.pt\/web\/wp-content\/uploads\/2022\/05\/female-african-american-speaker-giving-presentation-in-hall-at-university-workshop-768x512.jpg 768w, https:\/\/www.lugarseguro.pt\/web\/wp-content\/uploads\/2022\/05\/female-african-american-speaker-giving-presentation-in-hall-at-university-workshop-1536x1024.jpg 1536w, https:\/\/www.lugarseguro.pt\/web\/wp-content\/uploads\/2022\/05\/female-african-american-speaker-giving-presentation-in-hall-at-university-workshop-2048x1365.jpg 2048w, https:\/\/www.lugarseguro.pt\/web\/wp-content\/uploads\/2022\/05\/female-african-american-speaker-giving-presentation-in-hall-at-university-workshop-600x400.jpg 600w\" sizes=\"auto, (max-width: 800px) 100vw, 800px\" \/>\t\t\t\t\t\t\t\t\t\t\t\t\t\t\t<\/p>\n<p style=\"color: black; font-size: 16pt; font-family: open sans; line-height: 1.2;\">Somos formadores internacionais de alunos de licenciatura e mestrado em psicologia no dom\u00ednio de hipnose moderna.<\/p>\n<p>\t\t\t\t\t\t\t\t\t\t\t\t\t\t\t<img decoding=\"async\" width=\"800\" height=\"534\" src=\"https:\/\/www.lugarseguro.pt\/web\/wp-content\/uploads\/2022\/05\/relaxed-woman-enjoying-the-sea-1024x683.jpg\" alt=\"\" loading=\"lazy\" srcset=\"https:\/\/www.lugarseguro.pt\/web\/wp-content\/uploads\/2022\/05\/relaxed-woman-enjoying-the-sea-1024x683.jpg 1024w, https:\/\/www.lugarseguro.pt\/web\/wp-content\/uploads\/2022\/05\/relaxed-woman-enjoying-the-sea-300x200.jpg 300w, https:\/\/www.lugarseguro.pt\/web\/wp-content\/uploads\/2022\/05\/relaxed-woman-enjoying-the-sea-768x512.jpg 768w, https:\/\/www.lugarseguro.pt\/web\/wp-content\/uploads\/2022\/05\/relaxed-woman-enjoying-the-sea-1536x1024.jpg 1536w, https:\/\/www.lugarseguro.pt\/web\/wp-content\/uploads\/2022\/05\/relaxed-woman-enjoying-the-sea-2048x1365.jpg 2048w, https:\/\/www.lugarseguro.pt\/web\/wp-content\/uploads\/2022\/05\/relaxed-woman-enjoying-the-sea-600x400.jpg 600w\" sizes=\"auto, (max-width: 800px) 100vw, 800px\" \/>\t\t\t\t\t\t\t\t\t\t\t\t\t\t\t<\/p>\n<p style=\"color: black; font-size: 16pt; font-family: open sans; line-height: 1.2;\">\u00a0<\/p>\n<p style=\"color: black; font-size: 16pt; font-family: open sans; line-height: 1.2;\"><strong>Representamos Portugal no 1\u00ba congresso internacional de psicologia em Oaxaca no M\u00e9xico<\/strong><\/p>\n<p>\t\t\t\t\t\t\t\t\t\t\t\t\t\t\t<img decoding=\"async\" width=\"800\" height=\"534\" src=\"https:\/\/www.lugarseguro.pt\/web\/wp-content\/uploads\/2022\/05\/man-sitting-in-the-psychologist-s-office-and-talking-about-problems-1024x683.jpg\" alt=\"\" loading=\"lazy\" srcset=\"https:\/\/www.lugarseguro.pt\/web\/wp-content\/uploads\/2022\/05\/man-sitting-in-the-psychologist-s-office-and-talking-about-problems-1024x683.jpg 1024w, https:\/\/www.lugarseguro.pt\/web\/wp-content\/uploads\/2022\/05\/man-sitting-in-the-psychologist-s-office-and-talking-about-problems-300x200.jpg 300w, https:\/\/www.lugarseguro.pt\/web\/wp-content\/uploads\/2022\/05\/man-sitting-in-the-psychologist-s-office-and-talking-about-problems-768x512.jpg 768w, https:\/\/www.lugarseguro.pt\/web\/wp-content\/uploads\/2022\/05\/man-sitting-in-the-psychologist-s-office-and-talking-about-problems-1536x1024.jpg 1536w, https:\/\/www.lugarseguro.pt\/web\/wp-content\/uploads\/2022\/05\/man-sitting-in-the-psychologist-s-office-and-talking-about-problems-2048x1365.jpg 2048w, https:\/\/www.lugarseguro.pt\/web\/wp-content\/uploads\/2022\/05\/man-sitting-in-the-psychologist-s-office-and-talking-about-problems-600x400.jpg 600w\" sizes=\"auto, (max-width: 800px) 100vw, 800px\" \/>\t\t\t\t\t\t\t\t\t\t\t\t\t\t\t<\/p>\n<p style=\"color: black; font-size: 16pt; font-family: open sans; line-height: 1.2;\">Criamos t\u00e9cnicas de hipnose cl\u00ednica,\u00a0utilizadas em milhares de pacientes em v\u00e1rias perturba\u00e7\u00f5es e reconhecidas internacionalmente pela sua efic\u00e1cia.<\/p>\n<h2>Na sua cl\u00ednica Lugar Seguro asseguramos o seu direito a&#8230;<\/h2>\n<p>\t\t\t\t\t\t\t\t\t\t\t\t<a tabindex=\"0\">Compreender o que est\u00e1 a sentir<\/a><\/p>\n<p style=\"color: black; font-size: 14pt; font-family: open sans; line-height: 1.2;\">Compreender e enquadrar os seus sentimentos\/ comportamentos.<\/p>\n<p>\t\t\t\t\t\t\t\t\t\t\t\t<a tabindex=\"0\">Libertar-se do que condiciona o seu bem-estar<\/a><\/p>\n<p style=\"color: black; font-size: 14pt; font-family: open sans; line-height: 1.2;\">Explica\u00e7\u00e3o sobre os construtos necess\u00e1rios a refor\u00e7ar, para se libertar daquilo que condiciona o seu bem-estar<\/p>\n<p>\t\t\t\t\t\t\t\t\t\t\t\t<a tabindex=\"0\">Avalia\u00e7\u00e3o do funcionamento do seu c\u00e9rebro<\/a><\/p>\n<p style=\"color: black; font-size: 14pt; font-family: open sans; line-height: 1.2;\">Avalia\u00e7\u00e3o das zonas &#8220;inflamadas&#8221; de forma a atuar diretamente nessa zona espec\u00edfica e assim recuperar mais rapidamente.<\/p>\n<p>\t\t\t\t\t\t\t\t\t\t\t\t<a tabindex=\"0\">Relat\u00f3rio de avalia\u00e7\u00e3o cerebral<\/a><\/p>\n<p style=\"color: black; font-size: 14pt; font-family: open sans; line-height: 1.2;\">Fornecemos relat\u00f3rio pormenorizado sobre o seu tipo de c\u00e9rebro e as solu\u00e7\u00f5es para uma r\u00e1pida recupera\u00e7\u00e3o.<\/p>\n<p>\t\t\t\t\t\t\t\t\t\t\t\t<a tabindex=\"0\">Solu\u00e7\u00f5es para a sua recupera\u00e7\u00e3o e evolu\u00e7\u00e3o<\/a><\/p>\n<p style=\"color: black; font-size: 14pt; font-family: open sans; line-height: 1.2;\">Com base na investiga\u00e7\u00e3o cientifica e em 160.000 pacientes apresentamos e ajudamos na reestrutura\u00e7\u00e3o do seu c\u00e9rebro\u00a0<\/p>\n<p>\t\t\t\t\t\t\t\t\t\t\t\t<a tabindex=\"0\">Explica\u00e7\u00e3o das t\u00e9cnicas utilizadas<\/a><\/p>\n<p style=\"color: black; font-size: 14pt; font-family: open sans; line-height: 1.2;\">Em cada sess\u00e3o, explicaremos cada t\u00e9cnica, a sua fun\u00e7\u00e3o e o seu objetivo, pois \u00e9 um direito seu e para o ajudar nas suas decis\u00f5es sobre a sua evolu\u00e7\u00e3o.<\/p>\n<p>\t\t\t\t\t\t\t\t\t\t\t\t<a tabindex=\"0\">Avalia\u00e7\u00e3o e monitoriza\u00e7\u00e3o<\/a><\/p>\n<p style=\"color: black; font-size: 14pt; font-family: open sans; line-height: 1.2;\">Iremos certificar a sua evolu\u00e7\u00e3o com testes validados cientificamente para poder orgulhosamente ter a no\u00e7\u00e3o exata da sua evolu\u00e7\u00e3o e conquista.<\/p>\n<p>\t\t\t\t\t\t\t\t\t\t\t\t\t\t\t<img decoding=\"async\" width=\"800\" height=\"800\" src=\"https:\/\/www.lugarseguro.pt\/web\/wp-content\/uploads\/2022\/06\/hkhjkhjk.jpg\" alt=\"\" loading=\"lazy\" srcset=\"https:\/\/www.lugarseguro.pt\/web\/wp-content\/uploads\/2022\/06\/hkhjkhjk.jpg 1024w, https:\/\/www.lugarseguro.pt\/web\/wp-content\/uploads\/2022\/06\/hkhjkhjk-300x300.jpg 300w, https:\/\/www.lugarseguro.pt\/web\/wp-content\/uploads\/2022\/06\/hkhjkhjk-150x150.jpg 150w, https:\/\/www.lugarseguro.pt\/web\/wp-content\/uploads\/2022\/06\/hkhjkhjk-768x768.jpg 768w, https:\/\/www.lugarseguro.pt\/web\/wp-content\/uploads\/2022\/06\/hkhjkhjk-144x144.jpg 144w, https:\/\/www.lugarseguro.pt\/web\/wp-content\/uploads\/2022\/06\/hkhjkhjk-600x600.jpg 600w, https:\/\/www.lugarseguro.pt\/web\/wp-content\/uploads\/2022\/06\/hkhjkhjk-100x100.jpg 100w\" sizes=\"auto, (max-width: 800px) 100vw, 800px\" \/>\t\t\t\t\t\t\t\t\t\t\t\t\t\t\t<\/p>\n<p style=\"color: #52aea7; font-size: 20pt; font-family: open sans; line-height: 1.5;\"><strong>Mas como voc\u00ea \u00e9 especial e merece o melhor, vamos ainda mais al\u00e9m&#8230;<\/strong><\/p>\n<p style=\"color: black; font-size: 16pt; font-family: open sans; line-height: 1.5;\">Ensinamos e ajudamos a empreender h\u00e1bitos importantes e saud\u00e1veis no seu dia-a-dia.<br \/>Ensinamos como evitar reca\u00eddas.<br \/>Ensinamos a identificar facilmente os sinais de alerta de eventuais dificuldades futuras.<\/p>\n<p style=\"color: #2e726d; font-size: 20pt; font-family: open sans; line-height: 1.5;\"><strong>\u00a0<\/strong><strong>Tudo isto para que seja feliz e, ainda inclu\u00eddo nas sess\u00f5es na Lugar Seguro<\/strong><\/p>\n<p style=\"color: black; font-size: 16pt; font-family: open sans; line-height: 1.5;\">Desenvolvimento de potenciais recursos<br \/>Refor\u00e7o da autonomia e capacidade de decidir, realmente, sobre a sua vida e principalmente como quer viver e como se quer sentir<\/p>\n<p style=\"color: black; font-size: 16pt; font-family: open sans; line-height: 1.5;\">Desenvolvimento da capacidade e discernimento sobre que tipo de pessoa quer ser e realmente viver de acordo com as suas escolhas<\/p>\n<h2>Pela sua escolha inteligente ao escolher fazer parte da fam\u00edlia Lugar Seguro tem ainda os seguintes benef\u00edcios\u200b<\/h2>\n<p>\t\t\t\t\t\t\t\t\t\t\t\t\t\t\t<img decoding=\"async\" width=\"600\" height=\"568\" src=\"https:\/\/www.lugarseguro.pt\/web\/wp-content\/uploads\/2022\/06\/ytjytjtyj-1.jpg\" alt=\"\" loading=\"lazy\" srcset=\"https:\/\/www.lugarseguro.pt\/web\/wp-content\/uploads\/2022\/06\/ytjytjtyj-1.jpg 600w, https:\/\/www.lugarseguro.pt\/web\/wp-content\/uploads\/2022\/06\/ytjytjtyj-1-300x284.jpg 300w\" sizes=\"auto, (max-width: 600px) 100vw, 600px\" \/>\t\t\t\t\t\t\t\t\t\t\t\t\t\t\t<\/p>\n<p style=\"color: black; font-size: 16pt; font-family: open sans; line-height: 1.5;\">Pack de boas-vindas na primeira consulta<\/p>\n<p style=\"color: black; font-size: 16pt; font-family: open sans; line-height: 1.5;\">Acesso gratuito a todos os workshops realizados na Lugar Seguro (online)<\/p>\n<p>\t\t\t\t\t\t\t\t\t\t\t\t\t\t\t<img decoding=\"async\" width=\"600\" height=\"568\" src=\"https:\/\/www.lugarseguro.pt\/web\/wp-content\/uploads\/2022\/06\/fgfgfgfg-1.jpg\" alt=\"\" loading=\"lazy\" srcset=\"https:\/\/www.lugarseguro.pt\/web\/wp-content\/uploads\/2022\/06\/fgfgfgfg-1.jpg 600w, https:\/\/www.lugarseguro.pt\/web\/wp-content\/uploads\/2022\/06\/fgfgfgfg-1-300x284.jpg 300w\" sizes=\"auto, (max-width: 600px) 100vw, 600px\" \/>\t\t\t\t\t\t\t\t\t\t\t\t\t\t\t<\/p>\n<p style=\"color: black; font-size: 16pt; font-family: open sans; line-height: 1.5;\">Acesso gratuito a \u00e1udios\/v\u00eddeos terap\u00eauticos da Lugar Seguro<\/p>\n<p style=\"color: black; font-size: 16pt; font-family: open sans; line-height: 1.5;\">Descontos em todas as<br \/>forma\u00e7\u00f5es realizadas pela Lugar Seguro<\/p>\n<p>\t\t\t\t\t\t\t\t\t\t\t\t\t\t\t<img decoding=\"async\" width=\"600\" height=\"568\" src=\"https:\/\/www.lugarseguro.pt\/web\/wp-content\/uploads\/2022\/06\/trtrrt-1.jpg\" alt=\"\" loading=\"lazy\" srcset=\"https:\/\/www.lugarseguro.pt\/web\/wp-content\/uploads\/2022\/06\/trtrrt-1.jpg 600w, https:\/\/www.lugarseguro.pt\/web\/wp-content\/uploads\/2022\/06\/trtrrt-1-300x284.jpg 300w\" sizes=\"auto, (max-width: 600px) 100vw, 600px\" \/>\t\t\t\t\t\t\t\t\t\t\t\t\t\t\t<\/p>\n<p style=\"color: black; font-size: 16pt; font-family: open sans; line-height: 1.5;\">Desconto de 30% para utilizar nas consultas de nutri\u00e7\u00e3o e avalia\u00e7\u00e3o f\u00edsica<\/p>\n<p style=\"color: black; font-size: 16pt; font-family: open sans; line-height: 1.5;\">Oferta de voucher para oferecer a algu\u00e9m \u00e0 sua escolha<\/p>\n<p>\t\t\t<a href=\"https:\/\/www.lugarseguro.pt\/web\/especialidades_\/\"><br \/>\n\t\t\t\t\t\tVer Especialidades<br \/>\n\t\t\t\t\t<\/a><br \/>\n\t\t\t<a href=\"https:\/\/www.lugarseguro.pt\/web\/areas-intervencao\/\"><br \/>\n\t\t\t\t\t\tVer \u00c1reas de Interven\u00e7\u00e3o<br \/>\n\t\t\t\t\t<\/a><\/p>\n","protected":false},"excerpt":{"rendered":"<p>Porque voc\u00ea merece o melhor! Os melhores terapeutas, a melhor ajuda, a melhor cl\u00ednica! O que fazemos diferente e melhor, por si e para si? Se procura ajuda para compreender &#8230;<\/p>\n","protected":false},"author":3,"featured_media":3612,"parent":0,"menu_order":0,"comment_status":"closed","ping_status":"closed","template":"template-fullwidth-stretched.php","meta":{"footnotes":""},"class_list":["post-5772","page","type-page","status-publish","has-post-thumbnail","hentry"],"_links":{"self":[{"href":"https:\/\/www.lugarseguro.pt\/web\/wp-json\/wp\/v2\/pages\/5772","targetHints":{"allow":["GET"]}}],"collection":[{"href":"https:\/\/www.lugarseguro.pt\/web\/wp-json\/wp\/v2\/pages"}],"about":[{"href":"https:\/\/www.lugarseguro.pt\/web\/wp-json\/wp\/v2\/types\/page"}],"author":[{"embeddable":true,"href":"https:\/\/www.lugarseguro.pt\/web\/wp-json\/wp\/v2\/users\/3"}],"replies":[{"embeddable":true,"href":"https:\/\/www.lugarseguro.pt\/web\/wp-json\/wp\/v2\/comments?post=5772"}],"version-history":[{"count":181,"href":"https:\/\/www.lugarseguro.pt\/web\/wp-json\/wp\/v2\/pages\/5772\/revisions"}],"predecessor-version":[{"id":8351,"href":"https:\/\/www.lugarseguro.pt\/web\/wp-json\/wp\/v2\/pages\/5772\/revisions\/8351"}],"wp:featuredmedia":[{"embeddable":true,"href":"https:\/\/www.lugarseguro.pt\/web\/wp-json\/wp\/v2\/media\/3612"}],"wp:attachment":[{"href":"https:\/\/www.lugarseguro.pt\/web\/wp-json\/wp\/v2\/media?parent=5772"}],"curies":[{"name":"wp","href":"https:\/\/api.w.org\/{rel}","templated":true}]}}