{"id":4924,"date":"2022-05-18T18:42:14","date_gmt":"2022-05-18T18:42:14","guid":{"rendered":"https:\/\/www.lugarseguro.pt\/web\/?page_id=4924"},"modified":"2024-07-08T14:49:20","modified_gmt":"2024-07-08T14:49:20","slug":"transtorno-de-personalidade-multipla","status":"publish","type":"page","link":"https:\/\/www.lugarseguro.pt\/web\/transtorno-de-personalidade-multipla\/","title":{"rendered":"Transtorno de Personalidade M\u00faltipla"},"content":{"rendered":"<h2>O que \u00e9 Transtorno de Personalidade M\u00faltipla (ou Transtorno Dissociativo de Identidade)?<\/h2>\n<p style=\"color: black; font-family: open sans; font-size: 14pt; line-height: 1.5;\">Transtorno de personalidade m\u00faltipla \u00e9 o antigo nome para o que agora \u00e9 conhecido como transtorno dissociativo de identidade (TDI). \u00c9 caracterizada por uma rutura na mem\u00f3ria, autoconsci\u00eancia, identidade ou perce\u00e7\u00e3o.<br \/>As pessoas com esse transtorno desenvolvem uma ou mais identidades alternativas e distintas, conhecidas como \u201calters\u201d. Indiv\u00edduos com o transtorno s\u00e3o muitas vezes referidos como tendo personalidades m\u00faltiplas ou uma personalidade dividida.<br \/>Pessoas com transtorno de personalidade m\u00faltipla, ou TDI, experimentar\u00e3o lacunas na mem\u00f3ria autobiogr\u00e1fica, incluindo detalhes pessoais, atividades di\u00e1rias e eventos traum\u00e1ticos. Estes sintomas podem interromper a fun\u00e7\u00e3o cognitiva e o bem-estar psicol\u00f3gico e podem causar problemas em todos os aspetos da vida de uma pessoa.\t\t<\/p>\n<h2>Quem tem?<\/h2>\n<p style=\"color: black; font-family: open sans; font-size: 14pt; line-height: 1.5;\">O transtorno dissociativo de identidade \u00e9 considerado muito raro e \u00e9 diagnosticado mais comumente em mulheres do que em homens.<br \/>No entanto, o n\u00famero de homens com o transtorno pode ser maior do que o relatado porque eles s\u00e3o mais propensos a apresentar comportamento agressivo em vez das lacunas na mem\u00f3ria normalmente observadas com TDI.<br \/>\nPesquisas mostram que o diagn\u00f3stico geralmente \u00e9 feito por volta dos 30 anos, mas os sinais do dist\u00farbio podem come\u00e7ar na inf\u00e2ncia j\u00e1 aos 5 anos.<br \/>\n<br \/>M\u00faltiplas personalidades, ou altera\u00e7\u00f5es, podem surgir por volta dos 6 anos. Podem relatar 16 personalidades alternativas. Adolescentes com o transtorno geralmente indicam cerca de 24 alters.\t\t<\/p>\n<h2>Quais s\u00e3o os principais sintomas?<\/h2>\n<p style=\"color: black; font-family: open sans; font-size: 14pt; line-height: 1.5;\">Pessoas com transtorno dissociativo de identidade t\u00eam duas ou mais personalidades alternativas conhecidas como alters.<br \/>Esses alters t\u00eam nomes, comportamentos, mem\u00f3rias, vozes e formas distintas de ver o mundo. Em alguns casos, um alter tamb\u00e9m pode ter um g\u00eanero, etnia ou idade diferente.<br \/>Alguns alters podem ser animais. \u00c0 medida que um indiv\u00edduo passa de uma personalidade para outra, isso \u00e9 chamado de mudan\u00e7a. Alters podem surgir por apenas breves momentos ou podem estar presentes por dias a fio. Os sinais de TDI incluem perda de mem\u00f3ria, despersonaliza\u00e7\u00e3o, desrealiza\u00e7\u00e3o, distor\u00e7\u00f5es, alucina\u00e7\u00f5es e envolvimento em comportamentos que est\u00e3o fora do personagem. (Veja mais sobre os sintomas abaixo.)\t\t<\/p>\n<h2>O que causa isso?<\/h2>\n<p style=\"color: black; font-family: open sans; font-size: 14pt; line-height: 1.5;\">Os pesquisadores descobriram uma liga\u00e7\u00e3o profunda entre o trauma e o desenvolvimento do transtorno dissociativo de identidade. De facto, acredita-se que o trauma seja a causa raiz da doen\u00e7a em mais de 90% das pessoas que desenvolvem o dist\u00farbio.<br \/>\nO abuso emocional, sexual ou f\u00edsico de longo prazo na inf\u00e2ncia \u00e9 comumente associado \u00e0 condi\u00e7\u00e3o.<br \/>A exposi\u00e7\u00e3o a desastres naturais, combate militar ou viol\u00eancia tamb\u00e9m pode desencadear o desenvolvimento do transtorno. Acredita-se que personalidades alternativas podem desenvolver-se inicialmente como uma esp\u00e9cie de mecanismo de enfrentamento para se desconectar de um trauma cont\u00ednuo ou de uma situa\u00e7\u00e3o estressante.<br \/>No entanto, \u00e9 importante notar que nem todos que sofrem de trauma experimentar\u00e3o sintomas dissociativos.<br \/>\n\t\t\t\t\t\t\t\t\t\t\t\t\t\t\t<img decoding=\"async\" width=\"800\" height=\"376\" src=\"https:\/\/www.lugarseguro.pt\/web\/wp-content\/uploads\/2022\/05\/transtorno-de-humor-18022016145937.jpg\" alt=\"\" loading=\"lazy\" srcset=\"https:\/\/www.lugarseguro.pt\/web\/wp-content\/uploads\/2022\/05\/transtorno-de-humor-18022016145937.jpg 850w, https:\/\/www.lugarseguro.pt\/web\/wp-content\/uploads\/2022\/05\/transtorno-de-humor-18022016145937-600x282.jpg 600w, https:\/\/www.lugarseguro.pt\/web\/wp-content\/uploads\/2022\/05\/transtorno-de-humor-18022016145937-300x141.jpg 300w, https:\/\/www.lugarseguro.pt\/web\/wp-content\/uploads\/2022\/05\/transtorno-de-humor-18022016145937-768x361.jpg 768w\" sizes=\"auto, (max-width: 800px) 100vw, 800px\" \/>\t\t\t\t\t\t\t\t\t\t\t\t\t\t\t<\/p>\n<p style=\"color: black; font-family: open sans; font-size: 16pt; line-height: 1.5;\">As pessoas com TID geralmente t\u00eam condi\u00e7\u00f5es de sa\u00fade mental concomitantes, incluindo:<\/p>\n<ul>\n<li style=\"color: black; font-family: open sans; font-size: 16pt; line-height: 1.5;\">Ansiedade<\/li>\n<li style=\"color: black; font-family: open sans; font-size: 16pt; line-height: 1.5;\">Depress\u00e3o<\/li>\n<li style=\"color: black; font-family: open sans; font-size: 16pt; line-height: 1.5;\">Psicose<\/li>\n<li style=\"color: black; font-family: open sans; font-size: 16pt; line-height: 1.5;\">Dist\u00farbios alimentares<\/li>\n<li style=\"color: black; font-family: open sans; font-size: 16pt; line-height: 1.5;\">Transtornos por uso de subst\u00e2ncias<\/li>\n<li style=\"color: black; font-family: open sans; font-size: 16pt; line-height: 1.5;\">Transtorno de stress p\u00f3s-traum\u00e1tico<\/li>\n<li style=\"color: black; font-family: open sans; font-size: 16pt; line-height: 1.5;\">Transtorno obsessivo-compulsivo<\/li>\n<li style=\"color: black; font-family: open sans; font-size: 16pt; line-height: 1.5;\">Transtorno de personalidade lim\u00edtrofe<\/li>\n<li style=\"color: black; font-family: open sans; font-size: 16pt; line-height: 1.5;\">Pensamentos suicidas e automutila\u00e7\u00e3o<\/li>\n<\/ul>\n<p>\t\t\t\t\t\t\t\t\t\t\t\t\t\t\t<img decoding=\"async\" width=\"602\" height=\"613\" src=\"https:\/\/www.lugarseguro.pt\/web\/wp-content\/uploads\/2022\/05\/main-qimg-5a717737d7b5c917fe0efaa1ec5af0a5-lq.jpg\" alt=\"\" loading=\"lazy\" srcset=\"https:\/\/www.lugarseguro.pt\/web\/wp-content\/uploads\/2022\/05\/main-qimg-5a717737d7b5c917fe0efaa1ec5af0a5-lq.jpg 602w, https:\/\/www.lugarseguro.pt\/web\/wp-content\/uploads\/2022\/05\/main-qimg-5a717737d7b5c917fe0efaa1ec5af0a5-lq-600x611.jpg 600w, https:\/\/www.lugarseguro.pt\/web\/wp-content\/uploads\/2022\/05\/main-qimg-5a717737d7b5c917fe0efaa1ec5af0a5-lq-295x300.jpg 295w\" sizes=\"auto, (max-width: 602px) 100vw, 602px\" \/>\t\t\t\t\t\t\t\t\t\t\t\t\t\t\t<\/p>\n<h2>Porqu\u00ea escolher a cl\u00ednica Lugar Seguro para tratar o transtorno dissociativo de identidade?<\/h2>\n<p style=\"color: black; font-size: 14pt; font-family: open sans; line-height: 1.5;\">Na cl\u00ednica Lugar Seguro, usamos instrumentos de avalia\u00e7\u00e3o do c\u00e9rebro como parte de uma avalia\u00e7\u00e3o abrangente para diagnosticar e tratar os nossos pacientes. Tamb\u00e9m avaliamos outros fatores \u2013 biol\u00f3gicos, psicol\u00f3gicos, sociais e espirituais \u2013 que podem contribuir para os sintomas do TDI.<br \/>Com base em todas essas informa\u00e7\u00f5es, podemos personalizar o tratamento usando as solu\u00e7\u00f5es menos t\u00f3xicas e mais eficazes para um melhor resultado, para que possa levar o tipo de vida que deseja. H\u00e1 esperan\u00e7a para pessoas com m\u00faltiplas personalidades, e as pessoas geralmente respondem bem ao tratamento.<br \/>O objetivo do tratamento \u00e9 integrar as m\u00faltiplas personalidades em uma identidade singular que funcione bem.<br \/>\n<br \/>Na Cl\u00ednica Lugar Seguro, al\u00e9m da avalia\u00e7\u00e3o do c\u00e9rebro, todos os terapeutas t\u00eam forma\u00e7\u00e3o em psicologia e somos Lideres Mundiais de Hipnose reconhecidos internacionalmente, para poder utilizar estas t\u00e9cnicas fant\u00e1sticas e o ajudar a ultrapassar esta condi\u00e7\u00e3o de forma mais c\u00e9lere e definitiva.\t\t<\/p>\n<h2>C\u00e9rebros TDI funcionam de forma diferente<\/h2>\n<p style=\"color: black; font-family: open sans; font-size: 14pt; line-height: 1.5;\">Um corpo crescente de pesquisas em neuroimagem sugere que o transtorno dissociativo de identidade est\u00e1 associado a mudan\u00e7as em v\u00e1rias regi\u00f5es do c\u00e9rebro envolvidas na aten\u00e7\u00e3o, mem\u00f3ria e emo\u00e7\u00f5es. Por exemplo, estudos em pessoas com m\u00faltiplas personalidades encontraram diminui\u00e7\u00e3o do fluxo sangu\u00edneo em partes do c\u00f3rtex pr\u00e9-frontal, semelhante ao que \u00e9 visto em pessoas com transtornos de d\u00e9ficit de aten\u00e7\u00e3o (TDA\/TDAH). <br \/>Outros estudos de imagens cerebrais envolvendo pessoas com TDI mostram um volume cerebral menor no hipocampo (uma \u00e1rea envolvida na mem\u00f3ria e no aprendizado), bem como na am\u00edgdala (uma \u00e1rea envolvida na resposta emocional e de medo).\t\t<\/p>\n<h2>Quer saber mais? Fale connosco<\/h2>\n<p style=\"color: white; font-size: 18 pt;\">geral@lugarseguro.pt<\/p>\n<p style=\"color: white; font-size: 18 pt;\">223 267 608 \/ 915 100 103<br \/>\n\t\t\t<a href=\"https:\/\/www.lugarseguro.pt\/web\/contactos\"><br \/>\n\t\t\t\t\t\tMarcar consulta<br \/>\n\t\t\t\t\t<\/a><\/p>\n<h2>Consequ\u00eancias do Transtorno Dissociativo de Identidade N\u00e3o Tratado<\/h2>\n<p style=\"color: black; font-size: 14 pt; line-height: 1.5; font-family: open sans;\">Pessoas com TDI n\u00e3o tratada normalmente t\u00eam problemas significativos na vida quotidiana, inclusive no trabalho, na escola e nos relacionamentos.<br \/>Comportamento suicida e outros tipos de automutila\u00e7\u00e3o s\u00e3o especialmente comuns em pessoas que sofrem desse transtorno. De facto, mais de 70% das pessoas com TDI tentaram suic\u00eddio.<\/p>\n<h2>Diagnosticando o Transtorno Dissociativo de Identidade<\/h2>\n<p style=\"color: white; font-size: 14 pt; line-height: 1.5; font-family: open sans;\">Antes de fazer um diagn\u00f3stico de TDI, \u00e9 fundamental investigar quaisquer fatores biol\u00f3gicos que possam estar a contribuir para os sintomas de perda de mem\u00f3ria ou desrealiza\u00e7\u00e3o.<br \/>Por exemplo, concuss\u00f5es e les\u00f5es cerebrais traum\u00e1ticas (TCEs), abuso de subst\u00e2ncias e ins\u00f3nia cr\u00f4nica podem causar sintomas semelhantes. \u00c9 por isso que \u00e9 t\u00e3o importante fazer uma imagem cerebral funcional para detectar sinais de problemas relacionados ao c\u00e9rebro.<br \/>A imagem cerebral SPECT, uma ferramenta de mapeamento cerebral de \u00faltima gera\u00e7\u00e3o, pode ser muito \u00fatil para pessoas com transtorno dissociativo de identidade. Pode:<\/p>\n<ul>\n<li style=\"color: white; font-size: 14 pt; line-height: 1.5; font-family: open sans;\">Detetar sinais de traumatismo craniano passado que podem contribuir para problemas de mem\u00f3ria e outros sintomas<\/li>\n<li style=\"color: white; font-size: 14 pt; line-height: 1.5; font-family: open sans;\">Ver evid\u00eancias de toxicidade de drogas ou \u00e1lcool, ou outras toxinas que podem causar sintomas semelhantes<\/li>\n<li style=\"color: white; font-size: 14 pt; line-height: 1.5; font-family: open sans;\">Veja sinais de outros problemas relacionados ao c\u00e9rebro que podem imitar os sintomas do dist\u00farbio<\/li>\n<li style=\"color: white; font-size: 14 pt; line-height: 1.5; font-family: open sans;\">Determinar quais medicamentos ser\u00e3o mais eficazes para os pacientes<\/li>\n<li style=\"color: white; font-size: 14 pt; line-height: 1.5; font-family: open sans;\">Aumentar a ades\u00e3o a um plano de tratamento<\/li>\n<li style=\"color: white; font-size: 14 pt; line-height: 1.5; font-family: open sans;\">Mostrar progresso ou mostrar se o tratamento precisa ser ajustado<\/li>\n<\/ul>\n<p>\t\t\t\t\t\t\t\t\t\t\t\t\t\t\t<img decoding=\"async\" width=\"800\" height=\"534\" src=\"https:\/\/www.lugarseguro.pt\/web\/wp-content\/uploads\/2022\/05\/transtorno-bipolar-tratamento-psicologico-porto-alegre-luisa-psicologa-1024x683.jpg\" alt=\"\" loading=\"lazy\" srcset=\"https:\/\/www.lugarseguro.pt\/web\/wp-content\/uploads\/2022\/05\/transtorno-bipolar-tratamento-psicologico-porto-alegre-luisa-psicologa-1024x683.jpg 1024w, https:\/\/www.lugarseguro.pt\/web\/wp-content\/uploads\/2022\/05\/transtorno-bipolar-tratamento-psicologico-porto-alegre-luisa-psicologa-600x400.jpg 600w, https:\/\/www.lugarseguro.pt\/web\/wp-content\/uploads\/2022\/05\/transtorno-bipolar-tratamento-psicologico-porto-alegre-luisa-psicologa-300x200.jpg 300w, https:\/\/www.lugarseguro.pt\/web\/wp-content\/uploads\/2022\/05\/transtorno-bipolar-tratamento-psicologico-porto-alegre-luisa-psicologa-768x512.jpg 768w, https:\/\/www.lugarseguro.pt\/web\/wp-content\/uploads\/2022\/05\/transtorno-bipolar-tratamento-psicologico-porto-alegre-luisa-psicologa-1536x1024.jpg 1536w, https:\/\/www.lugarseguro.pt\/web\/wp-content\/uploads\/2022\/05\/transtorno-bipolar-tratamento-psicologico-porto-alegre-luisa-psicologa.jpg 1600w\" sizes=\"auto, (max-width: 800px) 100vw, 800px\" \/>\t\t\t\t\t\t\t\t\t\t\t\t\t\t\t<\/p>\n<h2>Sintomas e sinais<\/h2>\n<p style=\"color: black; font-size: 14 pt; line-height: 1.5; font-family: open sans;\">Os sintomas e sinais gerais de TDI incluem:<\/p>\n<ul>\n<li style=\"color: black; font-size: 14 pt; line-height: 1.5; font-family: open sans;\">Perda de mem\u00f3ria \u2013 geralmente envolvendo pessoas, lugares, per\u00edodos de tempo ou eventos<\/li>\n<li style=\"color: black; font-size: 14 pt; line-height: 1.5; font-family: open sans;\">Despersonaliza\u00e7\u00e3o \u2013 experi\u00eancias fora do corpo nas quais se sente desapegado do seu corpo e sente como se estivesse assistindo a eventos acontecendo consigo<\/li>\n<li style=\"color: black; font-size: 14 pt; line-height: 1.5; font-family: open sans;\">Desrealiza\u00e7\u00e3o \u2013 sensa\u00e7\u00e3o de que as pessoas e coisas no mundo ao seu redor n\u00e3o s\u00e3o reais.<\/li>\n<li style=\"color: black; font-size: 14 pt; line-height: 1.5; font-family: open sans;\">Distor\u00e7\u00f5es \u2013 principalmente no tempo, situa\u00e7\u00e3o e lugar<\/li>\n<li style=\"color: black; font-size: 14 pt; line-height: 1.5; font-family: open sans;\">Envolver-se em comportamentos que est\u00e3o fora do personagem<\/li>\n<li style=\"color: black; font-size: 14 pt; line-height: 1.5; font-family: open sans;\">Alucina\u00e7\u00f5es<\/li>\n<li style=\"color: black; font-size: 14 pt; line-height: 1.5; font-family: open sans;\">Dist\u00farbios do sono<\/li>\n<li style=\"color: black; font-size: 14 pt; line-height: 1.5; font-family: open sans;\">Disfun\u00e7\u00e3o sexual<\/li>\n<li style=\"color: black; font-size: 14 pt; line-height: 1.5; font-family: open sans;\">Dores de cabe\u00e7a<\/li>\n<li style=\"color: black; font-size: 14 pt; line-height: 1.5; font-family: open sans;\">Desafios da vida &#8211; problemas de relacionamento, dificuldades no trabalho ou na escola<\/li>\n<\/ul>\n<p style=\"color: white; font-size: 20pt; line-height: 1.5;\">Venha conhecer-nos!<br \/>\nPodemos ajud\u00e1-lo a reencontrar o equil\u00edbrio que deseja!<\/p>\n<p style=\"color: #095c57; font-size: 20pt; line-height: 1.5;\"><strong>Esperamos por Si\u2026com o Sorriso de Sempre!<\/strong><\/p>\n<p>\t\t\t<a href=\"https:\/\/www.lugarseguro.pt\/web\/contactos\"><br \/>\n\t\t\t\t\t\tMarcar Consulta<br \/>\n\t\t\t\t\t<\/a><\/p>\n","protected":false},"excerpt":{"rendered":"<p style=\"color: white; font-size: 18pt; line-height: 1.5\"><strong>Ao contr\u00e1rio da psicologia e psiquiatria tradicional, que raramente analisa o c\u00e9rebro, a cl\u00ednica Lugar Seguro usa instrumentos de avalia\u00e7\u00e3o para identificar padr\u00f5es cerebrais associados ao transtorno de personalidade narcisista e condi\u00e7\u00f5es relacionadas.<\/p>\n","protected":false},"author":3,"featured_media":4929,"parent":0,"menu_order":0,"comment_status":"closed","ping_status":"closed","template":"template-fullwidth-stretched.php","meta":{"footnotes":""},"class_list":["post-4924","page","type-page","status-publish","has-post-thumbnail","hentry"],"_links":{"self":[{"href":"https:\/\/www.lugarseguro.pt\/web\/wp-json\/wp\/v2\/pages\/4924","targetHints":{"allow":["GET"]}}],"collection":[{"href":"https:\/\/www.lugarseguro.pt\/web\/wp-json\/wp\/v2\/pages"}],"about":[{"href":"https:\/\/www.lugarseguro.pt\/web\/wp-json\/wp\/v2\/types\/page"}],"author":[{"embeddable":true,"href":"https:\/\/www.lugarseguro.pt\/web\/wp-json\/wp\/v2\/users\/3"}],"replies":[{"embeddable":true,"href":"https:\/\/www.lugarseguro.pt\/web\/wp-json\/wp\/v2\/comments?post=4924"}],"version-history":[{"count":28,"href":"https:\/\/www.lugarseguro.pt\/web\/wp-json\/wp\/v2\/pages\/4924\/revisions"}],"predecessor-version":[{"id":8727,"href":"https:\/\/www.lugarseguro.pt\/web\/wp-json\/wp\/v2\/pages\/4924\/revisions\/8727"}],"wp:featuredmedia":[{"embeddable":true,"href":"https:\/\/www.lugarseguro.pt\/web\/wp-json\/wp\/v2\/media\/4929"}],"wp:attachment":[{"href":"https:\/\/www.lugarseguro.pt\/web\/wp-json\/wp\/v2\/media?parent=4924"}],"curies":[{"name":"wp","href":"https:\/\/api.w.org\/{rel}","templated":true}]}}