{"id":4716,"date":"2022-05-17T18:34:36","date_gmt":"2022-05-17T18:34:36","guid":{"rendered":"https:\/\/www.lugarseguro.pt\/web\/?page_id=4716"},"modified":"2024-07-08T14:40:23","modified_gmt":"2024-07-08T14:40:23","slug":"transtorno-bipolar","status":"publish","type":"page","link":"https:\/\/www.lugarseguro.pt\/web\/transtorno-bipolar\/","title":{"rendered":"Transtorno Bipolar"},"content":{"rendered":"<h2>O que \u00e9 Transtorno Bipolar?<\/h2>\n<p style=\"color: black; font-family: open sans; font-size: 14pt; line-height: 1.5;\">O transtorno do espectro bipolar (TEB), anteriormente conhecido como doen\u00e7a man\u00edaco-depressiva, \u00e9 um dist\u00farbio cerebral que resulta em mudan\u00e7as significativas e graves no humor, energia, n\u00edveis de atividade e capacidade de realizar tarefas rotineiras. Essas mudan\u00e7as s\u00e3o mais severas do que os altos e baixos normais que a maioria das pessoas experimenta.<BR>De acordo com o F\u00f3rum Econ\u00f4mico Mundial, o transtorno bipolar ocupa o sexto lugar na lista das principais causas de incapacidade no mundo.<\/p>\n<h2>Quem tem Transtorno Bipolar?<\/h2>\n<p style=\"color: black; font-family: open sans; font-size: 14pt; line-height: 1.5;\">200 mil adultos em Portugal s\u00e3o afetados pelo transtorno bipolar, que tamb\u00e9m pode afetar crian\u00e7as e adolescentes. No mundo s\u00e3o 68 milh\u00f5es o numero de pessoas com este transtorno. O in\u00edcio do dist\u00farbio geralmente come\u00e7a na idade adulta jovem (final da adolesc\u00eancia at\u00e9 meados dos 20 anos), mas tamb\u00e9m pode come\u00e7ar na inf\u00e2ncia ou at\u00e9 os 50 anos de uma pessoa.<\/p>\n<p>Homens e mulheres s\u00e3o igualmente propensos a desenvolver o transtorno, que tende a ocorrer em fam\u00edlias. Pessoas com um pai ou irm\u00e3o com a condi\u00e7\u00e3o s\u00e3o mais propensas a desenvolv\u00ea-la. Isso indica que pode haver um fator gen\u00e9tico envolvido. No entanto, \u00e9 importante saber que ter um membro da fam\u00edlia com a doen\u00e7a n\u00e3o significa que voc\u00ea tamb\u00e9m a ter\u00e1. Al\u00e9m disso, lembre-se de que a sua gen\u00e9tica n\u00e3o \u00e9 o seu destino. Um crescente corpo de evid\u00eancias mostra que os seus h\u00e1bitos de vida podem ativar ou desativar seus genes.<\/p>\n<h2>Quais s\u00e3o os principais sintomas?<\/h2>\n<p style=\"color: black; font-family: open sans; font-size: 14pt; line-height: 1.5;\">Como o transtorno bipolar envolve epis\u00f3dios man\u00edacos e epis\u00f3dios depressivos que mudam num padr\u00e3o c\u00edclico, as pessoas com a doen\u00e7a geralmente apresentam uma ampla gama de sintomas. Os epis\u00f3dios man\u00edacos s\u00e3o caracterizados por muitas coisas, incluindo diminui\u00e7\u00e3o da necessidade de sono, ideias grandiosas ou pensamentos acelerados.<br \/>Os epis\u00f3dios depressivos s\u00e3o caracterizados pela perda de interesse em atividades geralmente prazerosas at\u00e9 mesmo pensamentos de morte ou suic\u00eddio. Veja abaixo mais detalhes sobre esses dois tipos de epis\u00f3dios.<\/p>\n<p>\t\t\t\t\t\t\t\t\t\t\t\t\t\t\t<img decoding=\"async\" width=\"800\" height=\"534\" src=\"https:\/\/www.lugarseguro.pt\/web\/wp-content\/uploads\/2022\/05\/young-woman-is-depressed-on-a-white-bed-1024x683.jpg\" alt=\"\" loading=\"lazy\" srcset=\"https:\/\/www.lugarseguro.pt\/web\/wp-content\/uploads\/2022\/05\/young-woman-is-depressed-on-a-white-bed-1024x683.jpg 1024w, https:\/\/www.lugarseguro.pt\/web\/wp-content\/uploads\/2022\/05\/young-woman-is-depressed-on-a-white-bed-scaled-600x400.jpg 600w, https:\/\/www.lugarseguro.pt\/web\/wp-content\/uploads\/2022\/05\/young-woman-is-depressed-on-a-white-bed-300x200.jpg 300w, https:\/\/www.lugarseguro.pt\/web\/wp-content\/uploads\/2022\/05\/young-woman-is-depressed-on-a-white-bed-768x512.jpg 768w, https:\/\/www.lugarseguro.pt\/web\/wp-content\/uploads\/2022\/05\/young-woman-is-depressed-on-a-white-bed-1536x1024.jpg 1536w, https:\/\/www.lugarseguro.pt\/web\/wp-content\/uploads\/2022\/05\/young-woman-is-depressed-on-a-white-bed-2048x1365.jpg 2048w\" sizes=\"auto, (max-width: 800px) 100vw, 800px\" \/>\t\t\t\t\t\t\t\t\t\t\t\t\t\t\t<\/p>\n<p style=\"color: black; font-family: open sans; font-size: 16pt; line-height: 1.5;\">Se n\u00e3o for tratado, o transtorno bipolar pode causar grandes problemas na vida, incluindo:<\/p>\n<ul>\n<li style=\"color: black; font-family: open sans; font-size: 16pt; line-height: 1.5;\">Problemas de auto-estima<\/li>\n<li style=\"color: black; font-family: open sans; font-size: 16pt; line-height: 1.5;\">Problemas de relacionamento<\/li>\n<li style=\"color: black; font-family: open sans; font-size: 16pt; line-height: 1.5;\">Problemas de desempenho no trabalho<\/li>\n<li style=\"color: black; font-family: open sans; font-size: 16pt; line-height: 1.5;\">Mau desempenho escolar<\/li>\n<li style=\"color: black; font-family: open sans; font-size: 16pt; line-height: 1.5;\">Abuso de subst\u00e2ncias<\/li>\n<li style=\"color: black; font-family: open sans; font-size: 16pt; line-height: 1.5;\">Taxa de hospitaliza\u00e7\u00e3o de 39% (mais do que qualquer outra condi\u00e7\u00e3o de sa\u00fade mental)<\/li>\n<li style=\"color: black; font-family: open sans; font-size: 16pt; line-height: 1.5;\">Uma diminui\u00e7\u00e3o de mais de 9 anos na expectativa de vida<\/li>\n<li style=\"color: black; font-family: open sans; font-size: 16pt; line-height: 1.5;\">15 vezes mais probabilidade de tentar suic\u00eddio do que a popula\u00e7\u00e3o em geral<\/li>\n<\/ul>\n<h2>Porqu\u00ea escolher a cl\u00ednica Lugar Seguro para o tratamento do transtorno bipolar?<\/h2>\n<p style=\"color: black; font-size: 14pt; font-family: open sans; line-height: 1.5;\">O transtorno bipolar \u00e9 muitas vezes diagnosticado erroneamente como depress\u00e3o , TDAH ou at\u00e9 mesmo esquizofrenia , porque alguns dos sintomas s\u00e3o muito semelhantes.<br \/>Fazer a distin\u00e7\u00e3o entre transtorno bipolar e outras condi\u00e7\u00f5es \u00e9 fundamental porque seguir o plano de tratamento errado pode piorar muito os sintomas.<br \/>Por exemplo, quando algu\u00e9m com transtorno bipolar \u00e9 diagnosticado erroneamente com TDA \/ TDAH e recebe medica\u00e7\u00e3o estimulante, pode exacerbar drasticamente os sintomas e o ciclo. Saber que tipo de padr\u00e3o cerebral est\u00e1 envolvido \u00e9 essencial para obter o diagn\u00f3stico correto.<br \/>\n<br \/>\nNa cl\u00ednica lugar Seguro fazemos uma avalia\u00e7\u00e3o abrangente para ajudar a distinguir entre transtorno bipolar, TDA\/TDAH, depress\u00e3o, esquizofrenia e outras condi\u00e7\u00f5es. Isso significa que voc\u00ea ter\u00e1 um plano de tratamento mais eficaz.<br \/>\n<br \/>\nNa Cl\u00ednica Lugar Seguro, al\u00e9m da avalia\u00e7\u00e3o do c\u00e9rebro, todos os terapeutas t\u00eam forma\u00e7\u00e3o em psicologia e somos Lideres Mundiais de Hipnose reconhecidos internacionalmente, para poder utilizar estas t\u00e9cnicas fant\u00e1sticas e o ajudar a ultrapassar esta condi\u00e7\u00e3o de forma mais c\u00e9lere e definitiva.\t\t<\/p>\n<h2>C\u00e9rebros bipolares funcionam de forma diferente<\/h2>\n<figure>\n\t\t\t\t\t\t\t\t\t\t<img decoding=\"async\" width=\"300\" height=\"242\" src=\"https:\/\/www.lugarseguro.pt\/web\/wp-content\/uploads\/2022\/05\/Healthy-Active-Brain-Scan-300x242.webp\" alt=\"\" loading=\"lazy\" srcset=\"https:\/\/www.lugarseguro.pt\/web\/wp-content\/uploads\/2022\/05\/Healthy-Active-Brain-Scan-300x242.webp 300w, https:\/\/www.lugarseguro.pt\/web\/wp-content\/uploads\/2022\/05\/Healthy-Active-Brain-Scan.webp 450w\" sizes=\"auto, (max-width: 300px) 100vw, 300px\" \/><figcaption>Imagem Saud\u00e1vel do C\u00e9rebro<\/figcaption><\/figure>\n<figure>\n\t\t\t\t\t\t\t\t\t\t<img decoding=\"async\" width=\"300\" height=\"239\" src=\"https:\/\/www.lugarseguro.pt\/web\/wp-content\/uploads\/2022\/05\/07_BrainSpect_conditionsBipolar_Disorder-300x239-1.webp\" alt=\"\" loading=\"lazy\" \/><figcaption>Exame cerebral de transtorno bipolar<\/figcaption><\/figure>\n<p style=\"color: black; font-family: open sans; font-size: 14pt; line-height: 1.5;\">SPECT (tomografia computadorizada por emiss\u00e3o de f\u00f3ton \u00fanico) \u00e9 um estudo de medicina nuclear que avalia o fluxo sangu\u00edneo e a atividade no c\u00e9rebro. Basicamente, ele mostra tr\u00eas coisas: atividade saud\u00e1vel, pouca atividade ou muita atividade.<br \/>Uma imagem \u201cativa\u201d saud\u00e1vel mostra as partes mais ativas do c\u00e9rebro com azul representando a atividade m\u00e9dia e vermelho (ou \u00e0s vezes vermelho e branco) representando as partes mais ativas do c\u00e9rebro.<br \/>Na imagem saud\u00e1vel \u00e0 esquerda, a \u00e1rea mais ativa est\u00e1 no cerebelo, na parte posterior\/inferior do c\u00e9rebro. No exame \u00e0 direita de uma pessoa com transtorno bipolar, h\u00e1 hiperatividade em muitas \u00e1reas do c\u00e9rebro.<br \/>\n<br \/>\nOs transtornos c\u00edclicos do humor, como o transtorno bipolar, geralmente se correlacionam com \u00e1reas focais de atividade aumentada no sistema l\u00edmbico, bem como com muita atividade na superf\u00edcie do c\u00e9rebro.<br \/>As imagens cerebrais de SPECT tamb\u00e9m mostram que muitas pessoas diagnosticadas com transtorno bipolar na verdade t\u00eam uma les\u00e3o cerebral traum\u00e1tica que nunca foi diagnosticada e tratada adequadamente. Para essas pessoas, curar o TCB subjacente pode ser muito \u00fatil para aliviar os sintomas associados ao transtorno bipolar.\t\t<\/p>\n<h2>Quer saber mais? Fale connosco<\/h2>\n<p style=\"color: white; font-size: 18 pt;\">geral@lugarseguro.pt<\/p>\n<p style=\"color: white; font-size: 18 pt;\">223 267 608 \/ 915 100 103<br \/>\n\t\t\t<a href=\"https:\/\/www.lugarseguro.pt\/web\/contactos\"><br \/>\n\t\t\t\t\t\tMarcar consulta<br \/>\n\t\t\t\t\t<\/a><\/p>\n<h2>Tipos de Epis\u00f3dios Bipolares<\/h2>\n<p style=\"color: black; font-size: 14 pt; line-height: 1.5; font-family: open sans;\">O Transtorno Bipolar apresenta epis\u00f3dios man\u00edacos e epis\u00f3dios depressivos que mudam num padr\u00e3o c\u00edclico, as pessoas com a condi\u00e7\u00e3o geralmente experimentam uma ampla gama de sintomas.<\/p>\n<p>\t\t\t\t\t\t\t\t\t\t\t\t<a tabindex=\"0\">Tipo 1: Epis\u00f3dios Man\u00edacos<\/a><\/p>\n<p style=\"color: black; font-size: 14 pt; line-height: 1.5; font-family: open sans;\">Os epis\u00f3dios man\u00edacos s\u00e3o caracterizados por um estado emocional elevado, expansivo, energizado ou euf\u00f3rico. Esses sentimentos podem fazer com que as pessoas se tornem altamente ativas e, em alguns casos, irrit\u00e1veis. Os epis\u00f3dios man\u00edacos podem durar horas, dias, semanas ou meses.<\/p>\n<p style=\"color: black; font-size: 14 pt; line-height: 1.5; font-family: open sans;\">Os epis\u00f3dios man\u00edacos s\u00e3o caracterizados por:<\/p>\n<ul>\n<li style=\"color: black; font-size: 14 pt; line-height: 1.5; font-family: open sans;\">Humor anormalmente elevado<\/li>\n<li style=\"color: black; font-size: 14 pt; line-height: 1.5; font-family: open sans;\">Auto-estima excessiva<\/li>\n<li style=\"color: black; font-size: 14 pt; line-height: 1.5; font-family: open sans;\">Diminui\u00e7\u00e3o da necessidade de sono<\/li>\n<li style=\"color: black; font-size: 14 pt; line-height: 1.5; font-family: open sans;\">Aumento da atividade orientada a objetivos<\/li>\n<li style=\"color: black; font-size: 14 pt; line-height: 1.5; font-family: open sans;\">No\u00e7\u00f5es, ideias ou planos grandiosos<\/li>\n<li style=\"color: black; font-size: 14 pt; line-height: 1.5; font-family: open sans;\">Aumento da fala ou fala pressionada<\/li>\n<li style=\"color: black; font-size: 14 pt; line-height: 1.5; font-family: open sans;\">Devaneios<\/li>\n<li style=\"color: black; font-size: 14 pt; line-height: 1.5; font-family: open sans;\">Incapacidade de \u201cdesligar a mente\u201d<\/li>\n<li style=\"color: black; font-size: 14 pt; line-height: 1.5; font-family: open sans;\">Pobre julgamento que leva ao comportamento de risco<\/li>\n<li style=\"color: black; font-size: 14 pt; line-height: 1.5; font-family: open sans;\">Hiper sexualidade ou Hiper religiosidade<\/li>\n<li style=\"color: black; font-size: 14 pt; line-height: 1.5; font-family: open sans;\">Apetite excessivo<\/li>\n<li style=\"color: black; font-size: 14 pt; line-height: 1.5; font-family: open sans;\">Comportamento social inadequado<\/li>\n<li style=\"color: black; font-size: 14 pt; line-height: 1.5; font-family: open sans;\">Irritabilidade ou agress\u00e3o<\/li>\n<li style=\"color: black; font-size: 14 pt; line-height: 1.5; font-family: open sans;\">Del\u00edrios ou alucina\u00e7\u00f5es<\/li>\n<\/ul>\n<p>\t\t\t\t\t\t\t\t\t\t\t\t<a tabindex=\"0\">Tipo 2: Epis\u00f3dios Depressivos<\/a><\/p>\n<p style=\"color: black; font-size: 14 pt; line-height: 1.5; font-family: open sans;\">Os epis\u00f3dios depressivos s\u00e3o caracterizados por uma redu\u00e7\u00e3o acentuada nos n\u00edveis de energia e humor, fazendo com que as pessoas experimentem uma desacelera\u00e7\u00e3o na atividade. Esses epis\u00f3dios depressivos podem durar horas, dias, semanas ou meses.<\/p>\n<p style=\"color: black; font-size: 14 pt; line-height: 1.5; font-family: open sans;\">Os epis\u00f3dios depressivos s\u00e3o caracterizados por:<\/p>\n<ul>\n<li style=\"color: black; font-size: 14 pt; line-height: 1.5; font-family: open sans;\">Humor triste ou negativo persistente<\/li>\n<li style=\"color: black; font-size: 14 pt; line-height: 1.5; font-family: open sans;\">Perda de interesse em atividades geralmente prazerosas<\/li>\n<li style=\"color: black; font-size: 14 pt; line-height: 1.5; font-family: open sans;\">Sentimentos de culpa, inutilidade, desamparo e desesperan\u00e7a<\/li>\n<li style=\"color: black; font-size: 14 pt; line-height: 1.5; font-family: open sans;\">Dormir muito ou pouco, ou acordar muito cedo<\/li>\n<li style=\"color: black; font-size: 14 pt; line-height: 1.5; font-family: open sans;\">Diminui\u00e7\u00e3o da energia, fadiga ou sensa\u00e7\u00e3o de \u201cdesacelera\u00e7\u00e3o\u201d<\/li>\n<li style=\"color: black; font-size: 14 pt; line-height: 1.5; font-family: open sans;\">Dificuldade de concentra\u00e7\u00e3o<\/li>\n<li style=\"color: black; font-size: 14 pt; line-height: 1.5; font-family: open sans;\">Pensamentos de morte ou suic\u00eddio, ou tentativas de suic\u00eddio<\/li>\n<\/ul>\n<h2>Diferentes tipos de transtorno bipolar<\/h2>\n<p style=\"color: black; font-size: 14pt; font-family: open sans; line-height: 1.5;\">O transtorno bipolar n\u00e3o \u00e9 uma condi\u00e7\u00e3o simples ou \u00fanica. Existem pelo menos 4 tipos da condi\u00e7\u00e3o, incluindo:<\/p>\n<ul>\n<li style=\"list-style-type: none;\">\n<ul>\n<li style=\"color: black; font-size: 14pt; font-family: open sans; line-height: 1.5;\">Transtorno bipolar I<\/li>\n<li style=\"color: black; font-size: 14pt; font-family: open sans; line-height: 1.5;\">Transtorno bipolar II<\/li>\n<li style=\"color: black; font-size: 14pt; font-family: open sans; line-height: 1.5;\">Dist\u00farbio ciclot\u00edmico<\/li>\n<li style=\"color: black; font-size: 14pt; font-family: open sans; line-height: 1.5;\">Transtorno bipolar sem outra especifica\u00e7\u00e3o<\/li>\n<\/ul>\n<\/li>\n<\/ul>\n<p style=\"color: black; font-size: 14pt; font-family: open sans; line-height: 1.5;\">A distin\u00e7\u00e3o entre os tipos est\u00e1 relacionada \u00e0 gravidade dos sintomas. Por exemplo, o transtorno bipolar I \u00e9 considerado a forma mais grave da doen\u00e7a.<\/p>\n<p style=\"color: white; font-size: 20pt; line-height: 1.5;\">Venha conhecer-nos!<br \/>\nPodemos ajud\u00e1-lo a reencontrar o equil\u00edbrio que deseja!<\/p>\n<p style=\"color: #095c57; font-size: 20pt; line-height: 1.5;\"><strong>Esperamos por Si\u2026com o Sorriso de Sempre!<\/strong><\/p>\n<p>\t\t\t<a href=\"https:\/\/www.lugarseguro.pt\/web\/contactos\"><br \/>\n\t\t\t\t\t\tMarcar Consulta<br \/>\n\t\t\t\t\t<\/a><\/p>\n","protected":false},"excerpt":{"rendered":"<p style=\"color: white; font-size: 18pt; line-height: 1.5\"><strong>Ao contr\u00e1rio da psicologia e psiquiatria tradicional, que raramente analisa o c\u00e9rebro, a cl\u00ednica Lugar Seguro, usa instrumentos para identificar padr\u00f5es cerebrais associados ao transtorno bipolar.<\/p>\n","protected":false},"author":3,"featured_media":4718,"parent":0,"menu_order":0,"comment_status":"closed","ping_status":"closed","template":"template-fullwidth-stretched.php","meta":{"footnotes":""},"class_list":["post-4716","page","type-page","status-publish","has-post-thumbnail","hentry"],"_links":{"self":[{"href":"https:\/\/www.lugarseguro.pt\/web\/wp-json\/wp\/v2\/pages\/4716","targetHints":{"allow":["GET"]}}],"collection":[{"href":"https:\/\/www.lugarseguro.pt\/web\/wp-json\/wp\/v2\/pages"}],"about":[{"href":"https:\/\/www.lugarseguro.pt\/web\/wp-json\/wp\/v2\/types\/page"}],"author":[{"embeddable":true,"href":"https:\/\/www.lugarseguro.pt\/web\/wp-json\/wp\/v2\/users\/3"}],"replies":[{"embeddable":true,"href":"https:\/\/www.lugarseguro.pt\/web\/wp-json\/wp\/v2\/comments?post=4716"}],"version-history":[{"count":37,"href":"https:\/\/www.lugarseguro.pt\/web\/wp-json\/wp\/v2\/pages\/4716\/revisions"}],"predecessor-version":[{"id":8709,"href":"https:\/\/www.lugarseguro.pt\/web\/wp-json\/wp\/v2\/pages\/4716\/revisions\/8709"}],"wp:featuredmedia":[{"embeddable":true,"href":"https:\/\/www.lugarseguro.pt\/web\/wp-json\/wp\/v2\/media\/4718"}],"wp:attachment":[{"href":"https:\/\/www.lugarseguro.pt\/web\/wp-json\/wp\/v2\/media?parent=4716"}],"curies":[{"name":"wp","href":"https:\/\/api.w.org\/{rel}","templated":true}]}}