{"id":3942,"date":"2022-05-11T19:27:12","date_gmt":"2022-05-11T19:27:12","guid":{"rendered":"https:\/\/www.lugarseguro.pt\/web\/?page_id=3942"},"modified":"2024-07-03T16:28:11","modified_gmt":"2024-07-03T16:28:11","slug":"areas-intervencao","status":"publish","type":"page","link":"https:\/\/www.lugarseguro.pt\/web\/areas-intervencao\/","title":{"rendered":"\u00c1reas de Interven\u00e7\u00e3o"},"content":{"rendered":"<p><a href=\"https:\/\/www.lugarseguro.pt\/web\/ansiedade\/\"><br \/>\n<img decoding=\"async\" width=\"800\" height=\"450\" src=\"https:\/\/www.lugarseguro.pt\/web\/wp-content\/uploads\/2022\/05\/front-view-of-woman-sitting-on-couch-4-1024x576.jpg\" alt=\"\" loading=\"lazy\" srcset=\"https:\/\/www.lugarseguro.pt\/web\/wp-content\/uploads\/2022\/05\/front-view-of-woman-sitting-on-couch-4-1024x576.jpg 1024w, https:\/\/www.lugarseguro.pt\/web\/wp-content\/uploads\/2022\/05\/front-view-of-woman-sitting-on-couch-4-scaled-600x338.jpg 600w, https:\/\/www.lugarseguro.pt\/web\/wp-content\/uploads\/2022\/05\/front-view-of-woman-sitting-on-couch-4-300x169.jpg 300w, https:\/\/www.lugarseguro.pt\/web\/wp-content\/uploads\/2022\/05\/front-view-of-woman-sitting-on-couch-4-768x432.jpg 768w, https:\/\/www.lugarseguro.pt\/web\/wp-content\/uploads\/2022\/05\/front-view-of-woman-sitting-on-couch-4-1536x864.jpg 1536w, https:\/\/www.lugarseguro.pt\/web\/wp-content\/uploads\/2022\/05\/front-view-of-woman-sitting-on-couch-4-2048x1152.jpg 2048w\" sizes=\"auto, (max-width: 800px) 100vw, 800px\">\t\t\t\t\t\t\t\t<\/a><br \/>\n<a href=\"https:\/\/www.lugarseguro.pt\/web\/disturbios-alimentares\/\"><br \/>\n<img decoding=\"async\" width=\"800\" height=\"450\" src=\"https:\/\/www.lugarseguro.pt\/web\/wp-content\/uploads\/2022\/05\/front-view-of-woman-sitting-on-couch-1-1024x576.png\" alt=\"\" loading=\"lazy\" srcset=\"https:\/\/www.lugarseguro.pt\/web\/wp-content\/uploads\/2022\/05\/front-view-of-woman-sitting-on-couch-1-1024x576.png 1024w, https:\/\/www.lugarseguro.pt\/web\/wp-content\/uploads\/2022\/05\/front-view-of-woman-sitting-on-couch-1-600x338.png 600w, https:\/\/www.lugarseguro.pt\/web\/wp-content\/uploads\/2022\/05\/front-view-of-woman-sitting-on-couch-1-300x169.png 300w, https:\/\/www.lugarseguro.pt\/web\/wp-content\/uploads\/2022\/05\/front-view-of-woman-sitting-on-couch-1-768x432.png 768w, https:\/\/www.lugarseguro.pt\/web\/wp-content\/uploads\/2022\/05\/front-view-of-woman-sitting-on-couch-1-1536x864.png 1536w, https:\/\/www.lugarseguro.pt\/web\/wp-content\/uploads\/2022\/05\/front-view-of-woman-sitting-on-couch-1-2048x1152.png 2048w\" sizes=\"auto, (max-width: 800px) 100vw, 800px\">\t\t\t\t\t\t\t\t<\/a><br \/>\n<a href=\"https:\/\/www.lugarseguro.pt\/web\/depressao\/\"><br \/>\n<img decoding=\"async\" width=\"800\" height=\"450\" src=\"https:\/\/www.lugarseguro.pt\/web\/wp-content\/uploads\/2022\/05\/w-1024x576.png\" alt=\"\" loading=\"lazy\" srcset=\"https:\/\/www.lugarseguro.pt\/web\/wp-content\/uploads\/2022\/05\/w-1024x576.png 1024w, https:\/\/www.lugarseguro.pt\/web\/wp-content\/uploads\/2022\/05\/w-600x338.png 600w, https:\/\/www.lugarseguro.pt\/web\/wp-content\/uploads\/2022\/05\/w-300x169.png 300w, https:\/\/www.lugarseguro.pt\/web\/wp-content\/uploads\/2022\/05\/w-768x432.png 768w, https:\/\/www.lugarseguro.pt\/web\/wp-content\/uploads\/2022\/05\/w-1536x864.png 1536w, https:\/\/www.lugarseguro.pt\/web\/wp-content\/uploads\/2022\/05\/w-2048x1152.png 2048w\" sizes=\"auto, (max-width: 800px) 100vw, 800px\">\t\t\t\t\t\t\t\t<\/a><br \/>\n<a href=\"https:\/\/www.lugarseguro.pt\/web\/transtorno-de-panico-e-ataques-de-panico\/\"><br \/>\n<img decoding=\"async\" width=\"800\" height=\"450\" src=\"https:\/\/www.lugarseguro.pt\/web\/wp-content\/uploads\/2022\/05\/front-view-of-woman-sitting-on-couch-5-1024x576.jpg\" alt=\"\" loading=\"lazy\" srcset=\"https:\/\/www.lugarseguro.pt\/web\/wp-content\/uploads\/2022\/05\/front-view-of-woman-sitting-on-couch-5-1024x576.jpg 1024w, https:\/\/www.lugarseguro.pt\/web\/wp-content\/uploads\/2022\/05\/front-view-of-woman-sitting-on-couch-5-scaled-600x338.jpg 600w, https:\/\/www.lugarseguro.pt\/web\/wp-content\/uploads\/2022\/05\/front-view-of-woman-sitting-on-couch-5-300x169.jpg 300w, https:\/\/www.lugarseguro.pt\/web\/wp-content\/uploads\/2022\/05\/front-view-of-woman-sitting-on-couch-5-768x432.jpg 768w, https:\/\/www.lugarseguro.pt\/web\/wp-content\/uploads\/2022\/05\/front-view-of-woman-sitting-on-couch-5-1536x864.jpg 1536w, https:\/\/www.lugarseguro.pt\/web\/wp-content\/uploads\/2022\/05\/front-view-of-woman-sitting-on-couch-5-2048x1152.jpg 2048w\" sizes=\"auto, (max-width: 800px) 100vw, 800px\">\t\t\t\t\t\t\t\t<\/a><br \/>\n<a href=\"https:\/\/www.lugarseguro.pt\/web\/transtorno-obsessivo-compulsivo\/\"><br \/>\n<img decoding=\"async\" width=\"800\" height=\"450\" src=\"https:\/\/www.lugarseguro.pt\/web\/wp-content\/uploads\/2022\/05\/54-1024x576.jpg\" alt=\"\" loading=\"lazy\" srcset=\"https:\/\/www.lugarseguro.pt\/web\/wp-content\/uploads\/2022\/05\/54-1024x576.jpg 1024w, https:\/\/www.lugarseguro.pt\/web\/wp-content\/uploads\/2022\/05\/54-scaled-600x338.jpg 600w, https:\/\/www.lugarseguro.pt\/web\/wp-content\/uploads\/2022\/05\/54-300x169.jpg 300w, https:\/\/www.lugarseguro.pt\/web\/wp-content\/uploads\/2022\/05\/54-768x432.jpg 768w, https:\/\/www.lugarseguro.pt\/web\/wp-content\/uploads\/2022\/05\/54-1536x864.jpg 1536w, https:\/\/www.lugarseguro.pt\/web\/wp-content\/uploads\/2022\/05\/54-2048x1152.jpg 2048w\" sizes=\"auto, (max-width: 800px) 100vw, 800px\">\t\t\t\t\t\t\t\t<\/a><br \/>\n<a href=\"https:\/\/www.lugarseguro.pt\/web\/problemas-de-auto-estima\/\"><br \/>\n<img decoding=\"async\" width=\"800\" height=\"450\" src=\"https:\/\/www.lugarseguro.pt\/web\/wp-content\/uploads\/2022\/05\/11-1024x576.jpg\" alt=\"\" loading=\"lazy\" srcset=\"https:\/\/www.lugarseguro.pt\/web\/wp-content\/uploads\/2022\/05\/11-1024x576.jpg 1024w, https:\/\/www.lugarseguro.pt\/web\/wp-content\/uploads\/2022\/05\/11-scaled-600x338.jpg 600w, https:\/\/www.lugarseguro.pt\/web\/wp-content\/uploads\/2022\/05\/11-300x169.jpg 300w, https:\/\/www.lugarseguro.pt\/web\/wp-content\/uploads\/2022\/05\/11-768x432.jpg 768w, https:\/\/www.lugarseguro.pt\/web\/wp-content\/uploads\/2022\/05\/11-1536x864.jpg 1536w, https:\/\/www.lugarseguro.pt\/web\/wp-content\/uploads\/2022\/05\/11-2048x1152.jpg 2048w\" sizes=\"auto, (max-width: 800px) 100vw, 800px\">\t\t\t\t\t\t\t\t<\/a><br \/>\n<a href=\"https:\/\/www.lugarseguro.pt\/web\/dificuldades-de-aprendizagem\/\"><br \/>\n<img decoding=\"async\" width=\"800\" height=\"450\" src=\"https:\/\/www.lugarseguro.pt\/web\/wp-content\/uploads\/2022\/05\/00-1024x576.jpg\" alt=\"\" loading=\"lazy\" srcset=\"https:\/\/www.lugarseguro.pt\/web\/wp-content\/uploads\/2022\/05\/00-1024x576.jpg 1024w, https:\/\/www.lugarseguro.pt\/web\/wp-content\/uploads\/2022\/05\/00-scaled-600x338.jpg 600w, https:\/\/www.lugarseguro.pt\/web\/wp-content\/uploads\/2022\/05\/00-300x169.jpg 300w, https:\/\/www.lugarseguro.pt\/web\/wp-content\/uploads\/2022\/05\/00-768x432.jpg 768w, https:\/\/www.lugarseguro.pt\/web\/wp-content\/uploads\/2022\/05\/00-1536x864.jpg 1536w, https:\/\/www.lugarseguro.pt\/web\/wp-content\/uploads\/2022\/05\/00-2048x1152.jpg 2048w\" sizes=\"auto, (max-width: 800px) 100vw, 800px\">\t\t\t\t\t\t\t\t<\/a><br \/>\n<a href=\"https:\/\/www.lugarseguro.pt\/web\/fobias\/\"><br \/>\n<img decoding=\"async\" width=\"800\" height=\"450\" src=\"https:\/\/www.lugarseguro.pt\/web\/wp-content\/uploads\/2022\/05\/www-1-1024x576.jpg\" alt=\"\" loading=\"lazy\" srcset=\"https:\/\/www.lugarseguro.pt\/web\/wp-content\/uploads\/2022\/05\/www-1-1024x576.jpg 1024w, https:\/\/www.lugarseguro.pt\/web\/wp-content\/uploads\/2022\/05\/www-1-scaled-600x338.jpg 600w, https:\/\/www.lugarseguro.pt\/web\/wp-content\/uploads\/2022\/05\/www-1-300x169.jpg 300w, https:\/\/www.lugarseguro.pt\/web\/wp-content\/uploads\/2022\/05\/www-1-768x432.jpg 768w, https:\/\/www.lugarseguro.pt\/web\/wp-content\/uploads\/2022\/05\/www-1-1536x864.jpg 1536w, https:\/\/www.lugarseguro.pt\/web\/wp-content\/uploads\/2022\/05\/www-1-2048x1152.jpg 2048w\" sizes=\"auto, (max-width: 800px) 100vw, 800px\">\t\t\t\t\t\t\t\t<\/a><br \/>\n<a href=\"https:\/\/www.lugarseguro.pt\/web\/otimizacao-do-cerebro-e-desempenho-maximo\/\"><br \/>\n<img decoding=\"async\" width=\"800\" height=\"450\" src=\"https:\/\/www.lugarseguro.pt\/web\/wp-content\/uploads\/2022\/05\/WWQ-1-1024x576.jpg\" alt=\"\" loading=\"lazy\" srcset=\"https:\/\/www.lugarseguro.pt\/web\/wp-content\/uploads\/2022\/05\/WWQ-1-1024x576.jpg 1024w, https:\/\/www.lugarseguro.pt\/web\/wp-content\/uploads\/2022\/05\/WWQ-1-scaled-600x338.jpg 600w, https:\/\/www.lugarseguro.pt\/web\/wp-content\/uploads\/2022\/05\/WWQ-1-300x169.jpg 300w, https:\/\/www.lugarseguro.pt\/web\/wp-content\/uploads\/2022\/05\/WWQ-1-768x432.jpg 768w, https:\/\/www.lugarseguro.pt\/web\/wp-content\/uploads\/2022\/05\/WWQ-1-1536x864.jpg 1536w, https:\/\/www.lugarseguro.pt\/web\/wp-content\/uploads\/2022\/05\/WWQ-1-2048x1152.jpg 2048w\" sizes=\"auto, (max-width: 800px) 100vw, 800px\">\t\t\t\t\t\t\t\t<\/a><br \/>\n<a href=\"https:\/\/www.lugarseguro.pt\/web\/transtorno-dismorfico-corporal\/\"><br \/>\n<img decoding=\"async\" width=\"800\" height=\"450\" src=\"https:\/\/www.lugarseguro.pt\/web\/wp-content\/uploads\/2022\/05\/AQAQ-1024x576.jpg\" alt=\"\" loading=\"lazy\" srcset=\"https:\/\/www.lugarseguro.pt\/web\/wp-content\/uploads\/2022\/05\/AQAQ-1024x576.jpg 1024w, https:\/\/www.lugarseguro.pt\/web\/wp-content\/uploads\/2022\/05\/AQAQ-scaled-600x338.jpg 600w, https:\/\/www.lugarseguro.pt\/web\/wp-content\/uploads\/2022\/05\/AQAQ-300x169.jpg 300w, https:\/\/www.lugarseguro.pt\/web\/wp-content\/uploads\/2022\/05\/AQAQ-768x432.jpg 768w, https:\/\/www.lugarseguro.pt\/web\/wp-content\/uploads\/2022\/05\/AQAQ-1536x864.jpg 1536w, https:\/\/www.lugarseguro.pt\/web\/wp-content\/uploads\/2022\/05\/AQAQ-2048x1152.jpg 2048w\" sizes=\"auto, (max-width: 800px) 100vw, 800px\">\t\t\t\t\t\t\t\t<\/a><br \/>\n<a href=\"https:\/\/www.lugarseguro.pt\/web\/problemas-de-peso\/\"><br \/>\n<img decoding=\"async\" width=\"800\" height=\"450\" src=\"https:\/\/www.lugarseguro.pt\/web\/wp-content\/uploads\/2022\/05\/unnamed-file-1024x576.jpg\" alt=\"\" loading=\"lazy\" srcset=\"https:\/\/www.lugarseguro.pt\/web\/wp-content\/uploads\/2022\/05\/unnamed-file-1024x576.jpg 1024w, https:\/\/www.lugarseguro.pt\/web\/wp-content\/uploads\/2022\/05\/unnamed-file-scaled-600x338.jpg 600w, https:\/\/www.lugarseguro.pt\/web\/wp-content\/uploads\/2022\/05\/unnamed-file-300x169.jpg 300w, https:\/\/www.lugarseguro.pt\/web\/wp-content\/uploads\/2022\/05\/unnamed-file-768x432.jpg 768w, https:\/\/www.lugarseguro.pt\/web\/wp-content\/uploads\/2022\/05\/unnamed-file-1536x864.jpg 1536w, https:\/\/www.lugarseguro.pt\/web\/wp-content\/uploads\/2022\/05\/unnamed-file-2048x1152.jpg 2048w\" sizes=\"auto, (max-width: 800px) 100vw, 800px\">\t\t\t\t\t\t\t\t<\/a><br \/>\n<a href=\"https:\/\/www.lugarseguro.pt\/web\/problemas-de-comportamentos-e-escolares\/\"><br \/>\n<img decoding=\"async\" width=\"800\" height=\"450\" src=\"https:\/\/www.lugarseguro.pt\/web\/wp-content\/uploads\/2022\/05\/CREC-1-1024x576.jpg\" alt=\"\" loading=\"lazy\" srcset=\"https:\/\/www.lugarseguro.pt\/web\/wp-content\/uploads\/2022\/05\/CREC-1-1024x576.jpg 1024w, https:\/\/www.lugarseguro.pt\/web\/wp-content\/uploads\/2022\/05\/CREC-1-scaled-600x338.jpg 600w, https:\/\/www.lugarseguro.pt\/web\/wp-content\/uploads\/2022\/05\/CREC-1-300x169.jpg 300w, https:\/\/www.lugarseguro.pt\/web\/wp-content\/uploads\/2022\/05\/CREC-1-768x432.jpg 768w, https:\/\/www.lugarseguro.pt\/web\/wp-content\/uploads\/2022\/05\/CREC-1-1536x864.jpg 1536w, https:\/\/www.lugarseguro.pt\/web\/wp-content\/uploads\/2022\/05\/CREC-1-2048x1152.jpg 2048w\" sizes=\"auto, (max-width: 800px) 100vw, 800px\">\t\t\t\t\t\t\t\t<\/a><br \/>\n<a href=\"https:\/\/www.lugarseguro.pt\/web\/vicios-comportamentais\/\"><br \/>\n<img decoding=\"async\" width=\"800\" height=\"450\" src=\"https:\/\/www.lugarseguro.pt\/web\/wp-content\/uploads\/2022\/05\/TTT-1024x576.jpg\" alt=\"\" loading=\"lazy\" srcset=\"https:\/\/www.lugarseguro.pt\/web\/wp-content\/uploads\/2022\/05\/TTT-1024x576.jpg 1024w, https:\/\/www.lugarseguro.pt\/web\/wp-content\/uploads\/2022\/05\/TTT-scaled-600x338.jpg 600w, https:\/\/www.lugarseguro.pt\/web\/wp-content\/uploads\/2022\/05\/TTT-300x169.jpg 300w, https:\/\/www.lugarseguro.pt\/web\/wp-content\/uploads\/2022\/05\/TTT-768x432.jpg 768w, https:\/\/www.lugarseguro.pt\/web\/wp-content\/uploads\/2022\/05\/TTT-1536x864.jpg 1536w, https:\/\/www.lugarseguro.pt\/web\/wp-content\/uploads\/2022\/05\/TTT-2048x1152.jpg 2048w\" sizes=\"auto, (max-width: 800px) 100vw, 800px\">\t\t\t\t\t\t\t\t<\/a><br \/>\n<a href=\"https:\/\/www.lugarseguro.pt\/web\/transtorno-bipolar\/\"><br \/>\n<img decoding=\"async\" width=\"768\" height=\"432\" src=\"https:\/\/www.lugarseguro.pt\/web\/wp-content\/uploads\/2022\/05\/front-view-of-woman-sitting-on-couch-4-768x432-1.jpg\" alt=\"\" loading=\"lazy\" srcset=\"https:\/\/www.lugarseguro.pt\/web\/wp-content\/uploads\/2022\/05\/front-view-of-woman-sitting-on-couch-4-768x432-1.jpg 768w, https:\/\/www.lugarseguro.pt\/web\/wp-content\/uploads\/2022\/05\/front-view-of-woman-sitting-on-couch-4-768x432-1-600x338.jpg 600w, https:\/\/www.lugarseguro.pt\/web\/wp-content\/uploads\/2022\/05\/front-view-of-woman-sitting-on-couch-4-768x432-1-300x169.jpg 300w\" sizes=\"auto, (max-width: 768px) 100vw, 768px\">\t\t\t\t\t\t\t\t<\/a><br \/>\n<a href=\"https:\/\/www.lugarseguro.pt\/web\/disturbios-do-sono\/\"><br \/>\n<img decoding=\"async\" width=\"768\" height=\"432\" src=\"https:\/\/www.lugarseguro.pt\/web\/wp-content\/uploads\/2022\/05\/front-view-of-woman-sitting-on-couch-4-768x432-1.png\" alt=\"\" loading=\"lazy\" srcset=\"https:\/\/www.lugarseguro.pt\/web\/wp-content\/uploads\/2022\/05\/front-view-of-woman-sitting-on-couch-4-768x432-1.png 768w, https:\/\/www.lugarseguro.pt\/web\/wp-content\/uploads\/2022\/05\/front-view-of-woman-sitting-on-couch-4-768x432-1-600x338.png 600w, https:\/\/www.lugarseguro.pt\/web\/wp-content\/uploads\/2022\/05\/front-view-of-woman-sitting-on-couch-4-768x432-1-300x169.png 300w\" sizes=\"auto, (max-width: 768px) 100vw, 768px\">\t\t\t\t\t\t\t\t<\/a><br \/>\n<a href=\"https:\/\/www.lugarseguro.pt\/web\/problemas-de-memoria-e-demencia\/\"><br \/>\n<img decoding=\"async\" width=\"768\" height=\"432\" src=\"https:\/\/www.lugarseguro.pt\/web\/wp-content\/uploads\/2022\/05\/ic.jpg\" alt=\"\" loading=\"lazy\" srcset=\"https:\/\/www.lugarseguro.pt\/web\/wp-content\/uploads\/2022\/05\/ic.jpg 768w, https:\/\/www.lugarseguro.pt\/web\/wp-content\/uploads\/2022\/05\/ic-600x338.jpg 600w, https:\/\/www.lugarseguro.pt\/web\/wp-content\/uploads\/2022\/05\/ic-300x169.jpg 300w\" sizes=\"auto, (max-width: 768px) 100vw, 768px\">\t\t\t\t\t\t\t\t<\/a><br \/>\n<a href=\"https:\/\/www.lugarseguro.pt\/web\/pensamentos-e-comportamentos-suicidas\/\"><br \/>\n<img decoding=\"async\" width=\"768\" height=\"432\" src=\"https:\/\/www.lugarseguro.pt\/web\/wp-content\/uploads\/2022\/05\/front-view-of-woman-sitting-on-couch-4-768x432-2.png\" alt=\"\" loading=\"lazy\" srcset=\"https:\/\/www.lugarseguro.pt\/web\/wp-content\/uploads\/2022\/05\/front-view-of-woman-sitting-on-couch-4-768x432-2.png 768w, https:\/\/www.lugarseguro.pt\/web\/wp-content\/uploads\/2022\/05\/front-view-of-woman-sitting-on-couch-4-768x432-2-600x338.png 600w, https:\/\/www.lugarseguro.pt\/web\/wp-content\/uploads\/2022\/05\/front-view-of-woman-sitting-on-couch-4-768x432-2-300x169.png 300w\" sizes=\"auto, (max-width: 768px) 100vw, 768px\">\t\t\t\t\t\t\t\t<\/a><br \/>\n<a href=\"https:\/\/www.lugarseguro.pt\/web\/transtorno-de-personalidade-limitrofe\/\"><br \/>\n<img decoding=\"async\" width=\"768\" height=\"432\" src=\"https:\/\/www.lugarseguro.pt\/web\/wp-content\/uploads\/2022\/05\/front-view-of-woman-sitting-on-couch-4-768x432-2.jpg\" alt=\"\" loading=\"lazy\" srcset=\"https:\/\/www.lugarseguro.pt\/web\/wp-content\/uploads\/2022\/05\/front-view-of-woman-sitting-on-couch-4-768x432-2.jpg 768w, https:\/\/www.lugarseguro.pt\/web\/wp-content\/uploads\/2022\/05\/front-view-of-woman-sitting-on-couch-4-768x432-2-600x338.jpg 600w, https:\/\/www.lugarseguro.pt\/web\/wp-content\/uploads\/2022\/05\/front-view-of-woman-sitting-on-couch-4-768x432-2-300x169.jpg 300w\" sizes=\"auto, (max-width: 768px) 100vw, 768px\">\t\t\t\t\t\t\t\t<\/a><br \/>\n<a href=\"https:\/\/www.lugarseguro.pt\/web\/transtorno-de-stresse-pos-traumatico-e-trauma-emocional\/\"><br \/>\n<img decoding=\"async\" width=\"768\" height=\"432\" src=\"https:\/\/www.lugarseguro.pt\/web\/wp-content\/uploads\/2022\/05\/front-view-of-woman-sitting-on-couch-4-768x432-3.jpg\" alt=\"\" loading=\"lazy\" srcset=\"https:\/\/www.lugarseguro.pt\/web\/wp-content\/uploads\/2022\/05\/front-view-of-woman-sitting-on-couch-4-768x432-3.jpg 768w, https:\/\/www.lugarseguro.pt\/web\/wp-content\/uploads\/2022\/05\/front-view-of-woman-sitting-on-couch-4-768x432-3-600x338.jpg 600w, https:\/\/www.lugarseguro.pt\/web\/wp-content\/uploads\/2022\/05\/front-view-of-woman-sitting-on-couch-4-768x432-3-300x169.jpg 300w\" sizes=\"auto, (max-width: 768px) 100vw, 768px\">\t\t\t\t\t\t\t\t<\/a><br \/>\n<a href=\"https:\/\/www.lugarseguro.pt\/web\/transtorno-de-personalidade-multipla\/\"><br \/>\n<img decoding=\"async\" width=\"768\" height=\"432\" src=\"https:\/\/www.lugarseguro.pt\/web\/wp-content\/uploads\/2022\/05\/front-view-of-woman-sitting-on-couch-4-768x432-4.jpg\" alt=\"\" loading=\"lazy\" srcset=\"https:\/\/www.lugarseguro.pt\/web\/wp-content\/uploads\/2022\/05\/front-view-of-woman-sitting-on-couch-4-768x432-4.jpg 768w, https:\/\/www.lugarseguro.pt\/web\/wp-content\/uploads\/2022\/05\/front-view-of-woman-sitting-on-couch-4-768x432-4-600x338.jpg 600w, https:\/\/www.lugarseguro.pt\/web\/wp-content\/uploads\/2022\/05\/front-view-of-woman-sitting-on-couch-4-768x432-4-300x169.jpg 300w\" sizes=\"auto, (max-width: 768px) 100vw, 768px\">\t\t\t\t\t\t\t\t<\/a><br \/>\n<a href=\"https:\/\/www.lugarseguro.pt\/web\/stress\/\"><br \/>\n<img decoding=\"async\" width=\"768\" height=\"432\" src=\"https:\/\/www.lugarseguro.pt\/web\/wp-content\/uploads\/2022\/05\/front-view-of-woman-sitting-on-couch-4-768x432-5.jpg\" alt=\"\" loading=\"lazy\" srcset=\"https:\/\/www.lugarseguro.pt\/web\/wp-content\/uploads\/2022\/05\/front-view-of-woman-sitting-on-couch-4-768x432-5.jpg 768w, https:\/\/www.lugarseguro.pt\/web\/wp-content\/uploads\/2022\/05\/front-view-of-woman-sitting-on-couch-4-768x432-5-600x338.jpg 600w, https:\/\/www.lugarseguro.pt\/web\/wp-content\/uploads\/2022\/05\/front-view-of-woman-sitting-on-couch-4-768x432-5-300x169.jpg 300w\" sizes=\"auto, (max-width: 768px) 100vw, 768px\">\t\t\t\t\t\t\t\t<\/a><br \/>\n<a href=\"https:\/\/www.lugarseguro.pt\/web\/psicologia-infantil\/\"><br \/>\n<img decoding=\"async\" width=\"768\" height=\"432\" src=\"https:\/\/www.lugarseguro.pt\/web\/wp-content\/uploads\/2022\/05\/front-view-of-woman-sitting-on-couch-4-768x432-6.jpg\" alt=\"\" loading=\"lazy\" srcset=\"https:\/\/www.lugarseguro.pt\/web\/wp-content\/uploads\/2022\/05\/front-view-of-woman-sitting-on-couch-4-768x432-6.jpg 768w, https:\/\/www.lugarseguro.pt\/web\/wp-content\/uploads\/2022\/05\/front-view-of-woman-sitting-on-couch-4-768x432-6-600x338.jpg 600w, https:\/\/www.lugarseguro.pt\/web\/wp-content\/uploads\/2022\/05\/front-view-of-woman-sitting-on-couch-4-768x432-6-300x169.jpg 300w\" sizes=\"auto, (max-width: 768px) 100vw, 768px\">\t\t\t\t\t\t\t\t<\/a><\/p>\n","protected":false},"excerpt":{"rendered":"","protected":false},"author":3,"featured_media":5036,"parent":0,"menu_order":0,"comment_status":"closed","ping_status":"closed","template":"","meta":{"footnotes":""},"class_list":["post-3942","page","type-page","status-publish","has-post-thumbnail","hentry"],"_links":{"self":[{"href":"https:\/\/www.lugarseguro.pt\/web\/wp-json\/wp\/v2\/pages\/3942","targetHints":{"allow":["GET"]}}],"collection":[{"href":"https:\/\/www.lugarseguro.pt\/web\/wp-json\/wp\/v2\/pages"}],"about":[{"href":"https:\/\/www.lugarseguro.pt\/web\/wp-json\/wp\/v2\/types\/page"}],"author":[{"embeddable":true,"href":"https:\/\/www.lugarseguro.pt\/web\/wp-json\/wp\/v2\/users\/3"}],"replies":[{"embeddable":true,"href":"https:\/\/www.lugarseguro.pt\/web\/wp-json\/wp\/v2\/comments?post=3942"}],"version-history":[{"count":101,"href":"https:\/\/www.lugarseguro.pt\/web\/wp-json\/wp\/v2\/pages\/3942\/revisions"}],"predecessor-version":[{"id":5673,"href":"https:\/\/www.lugarseguro.pt\/web\/wp-json\/wp\/v2\/pages\/3942\/revisions\/5673"}],"wp:featuredmedia":[{"embeddable":true,"href":"https:\/\/www.lugarseguro.pt\/web\/wp-json\/wp\/v2\/media\/5036"}],"wp:attachment":[{"href":"https:\/\/www.lugarseguro.pt\/web\/wp-json\/wp\/v2\/media?parent=3942"}],"curies":[{"name":"wp","href":"https:\/\/api.w.org\/{rel}","templated":true}]}}